{"id":2098,"date":"2025-02-07T17:29:53","date_gmt":"2025-02-07T16:29:53","guid":{"rendered":"https:\/\/altowatches.com\/?page_id=2098"},"modified":"2025-02-17T09:01:22","modified_gmt":"2025-02-17T08:01:22","slug":"alto-x-in-cadaques","status":"publish","type":"page","link":"https:\/\/altowatches.com\/en\/alto-x-in-cadaques\/","title":{"rendered":"ALTO x IN CADAQU\u00c9S"},"content":{"rendered":"<div data-elementor-type=\"wp-page\" data-elementor-id=\"2098\" class=\"elementor elementor-2098\" data-elementor-post-type=\"page\">\n\t\t\t\t\t\t<section class=\"elementor-section elementor-top-section elementor-element elementor-element-5fa4539c elementor-section-height-min-height elementor-section-content-bottom elementor-section-items-bottom elementor-section-boxed elementor-section-height-default\" data-id=\"5fa4539c\" data-element_type=\"section\" data-e-type=\"section\" data-settings=\"{&quot;background_background&quot;:&quot;classic&quot;}\">\n\t\t\t\t\t\t<div class=\"elementor-container elementor-column-gap-default\">\n\t\t\t\t\t<div class=\"elementor-column elementor-col-100 elementor-top-column elementor-element elementor-element-e799207\" data-id=\"e799207\" data-element_type=\"column\" data-e-type=\"column\">\n\t\t\t<div class=\"elementor-widget-wrap elementor-element-populated\">\n\t\t\t\t\t\t<div class=\"elementor-element elementor-element-757704e1 elementor-widget elementor-widget-heading\" data-id=\"757704e1\" data-element_type=\"widget\" data-e-type=\"widget\" data-widget_type=\"heading.default\">\n\t\t\t\t\t<h2 class=\"elementor-heading-title elementor-size-default\">ALTO X IN CADAQU\u00c9S<\/h2>\t\t\t\t<\/div>\n\t\t\t\t\t<\/div>\n\t\t<\/div>\n\t\t\t\t\t<\/div>\n\t\t<\/section>\n\t\t\t\t<section class=\"elementor-section elementor-top-section elementor-element elementor-element-3497292f elementor-section-boxed elementor-section-height-default elementor-section-height-default\" data-id=\"3497292f\" data-element_type=\"section\" data-e-type=\"section\" data-settings=\"{&quot;background_background&quot;:&quot;classic&quot;}\">\n\t\t\t\t\t\t<div class=\"elementor-container elementor-column-gap-default\">\n\t\t\t\t\t<div class=\"elementor-column elementor-col-100 elementor-top-column elementor-element elementor-element-336f05b9\" data-id=\"336f05b9\" data-element_type=\"column\" data-e-type=\"column\">\n\t\t\t<div class=\"elementor-widget-wrap elementor-element-populated\">\n\t\t\t\t\t\t<div class=\"elementor-element elementor-element-5c5cb330 elementor-widget elementor-widget-text-editor\" data-id=\"5c5cb330\" data-element_type=\"widget\" data-e-type=\"widget\" data-widget_type=\"text-editor.default\">\n\t\t\t\t\t\t\t\t\t<p class=\"p1\">ALTO IS DEEPLY COMMITTED TO THE WORLD OF ART AND CREATIVITY.<\/p><p class=\"p1\">DEMONSTRATING ITS PROFOUND DEDICATION TO PHOTOGRAPHY, THE BRAND HAS ESTABLISHED A PARTNERSHIP WITH THE ESTEEMED INCADAQU\u00c9S PHOTO FESTIVAL, AN ESSENTIAL EVENT FOR PHOTOGRAPHY ENTHUSIASTS ON THE INTERNATIONAL STAGE.<\/p><p class=\"p1\">THROUGH THIS COLLABORATION, ALTO REAFFIRMS ITS UNWAVERING SUPPORT FOR CONTEMPORARY ART, PARTICULARLY WITHIN THE REALM OF PHOTOGRAPHIC EXPRESSION.<\/p><p class=\"p1\">ALTO IS HONORED TO LEND ITS SUPPORT TO THE GROUNDBREAKING INITIATIVE THE ANONYMOUS PROJECT, CONCEIVED BY RENOWNED PHOTOGRAPHERS MARTIN PARR AND LEE SHULMAN.<\/p><p class=\"p1\">THIS UNPRECEDENTED PROJECT SHEDS LIGHT ON THE BEAUTY AND POIGNANCY OF EVERYDAY LIFE THROUGH A COLLECTION OF ANONYMOUS, FORGOTTEN PHOTOGRAPHS. BY BREATHING NEW LIFE INTO THESE IMAGES, THE ANONYMOUS PROJECT CAPTURES THE EPHEMERAL NATURE OF HUMAN EXPERIENCE AND WEAVES A POWERFUL NARRATIVE OF SHARED MEMORY AND IDENTITY.<\/p>\t\t\t\t\t\t\t\t<\/div>\n\t\t\t\t<div class=\"elementor-element elementor-element-6c905874 elementor-widget elementor-widget-heading\" data-id=\"6c905874\" data-element_type=\"widget\" data-e-type=\"widget\" data-widget_type=\"heading.default\">\n\t\t\t\t\t<h2 class=\"elementor-heading-title elementor-size-default\"><a href=\"https:\/\/www.anonymous-project.com\/en\/about\/\" target=\"_blank\">THE ANONYMOUS PROJECT<\/a><\/h2>\t\t\t\t<\/div>\n\t\t\t\t<div class=\"elementor-element elementor-element-b4e5a09 elementor-widget elementor-widget-video\" data-id=\"b4e5a09\" data-element_type=\"widget\" data-e-type=\"widget\" data-settings=\"{&quot;video_type&quot;:&quot;vimeo&quot;}\" data-widget_type=\"video.default\">\n\t\t\t\t\t\t\t<div class=\"elementor-wrapper elementor-open-inline\">\n\t\t\t<iframe class=\"elementor-video-iframe\" allowfullscreen allow=\"clipboard-write\" title=\"vimeo Video Player\" src=\"https:\/\/player.vimeo.com\/video\/254176222?color&amp;autopause=0&amp;loop=0&amp;muted=0&amp;title=1&amp;portrait=1&amp;byline=1#t=\" data-no-translation-title=\"\"><\/iframe>\t\t<\/div>\n\t\t\t\t\t\t<\/div>\n\t\t\t\t\t<\/div>\n\t\t<\/div>\n\t\t\t\t\t<\/div>\n\t\t<\/section>\n\t\t\t\t<section class=\"elementor-section elementor-top-section elementor-element elementor-element-743ffec0 elementor-section-boxed elementor-section-height-default elementor-section-height-default\" data-id=\"743ffec0\" data-element_type=\"section\" data-e-type=\"section\">\n\t\t\t\t\t\t<div class=\"elementor-container elementor-column-gap-default\">\n\t\t\t\t\t<div class=\"elementor-column elementor-col-100 elementor-top-column elementor-element elementor-element-4915ea07\" data-id=\"4915ea07\" data-element_type=\"column\" data-e-type=\"column\">\n\t\t\t<div class=\"elementor-widget-wrap elementor-element-populated\">\n\t\t\t\t\t\t<div class=\"elementor-element elementor-element-544a82d4 elementor-widget elementor-widget-gallery\" data-id=\"544a82d4\" data-element_type=\"widget\" data-e-type=\"widget\" data-settings=\"{&quot;gallery_layout&quot;:&quot;masonry&quot;,&quot;columns&quot;:2,&quot;gap&quot;:{&quot;unit&quot;:&quot;px&quot;,&quot;size&quot;:40,&quot;sizes&quot;:[]},&quot;gap_tablet&quot;:{&quot;unit&quot;:&quot;px&quot;,&quot;size&quot;:40,&quot;sizes&quot;:[]},&quot;gap_mobile&quot;:{&quot;unit&quot;:&quot;px&quot;,&quot;size&quot;:40,&quot;sizes&quot;:[]},&quot;lazyload&quot;:&quot;yes&quot;,&quot;columns_tablet&quot;:2,&quot;columns_mobile&quot;:1,&quot;link_to&quot;:&quot;file&quot;,&quot;overlay_background&quot;:&quot;yes&quot;,&quot;content_hover_animation&quot;:&quot;fade-in&quot;}\" data-widget_type=\"gallery.default\">\n\t\t\t\t\t\t\t<div class=\"elementor-gallery__container\">\n\t\t\t\t\t\t\t<a class=\"e-gallery-item elementor-gallery-item elementor-animated-content\" href=\"https:\/\/altowatches.com\/wp-content\/uploads\/2025\/02\/I_AM_MARTIN_PARR_LE_PHOTOGRAPHE_SO_BRITISH__MYCANAL_ALD_MEA_PIVOT_16_9-E1M6.webp\" data-elementor-open-lightbox=\"yes\" data-elementor-lightbox-slideshow=\"544a82d4\" data-e-action-hash=\"#elementor-action%3Aaction%3Dlightbox%26settings%3DeyJpZCI6MjExNSwidXJsIjoiaHR0cHM6XC9cL2FsdG93YXRjaGVzLmNvbVwvd3AtY29udGVudFwvdXBsb2Fkc1wvMjAyNVwvMDJcL0lfQU1fTUFSVElOX1BBUlJfTEVfUEhPVE9HUkFQSEVfU09fQlJJVElTSF9fTVlDQU5BTF9BTERfTUVBX1BJVk9UXzE2XzktRTFNNi53ZWJwIiwic2xpZGVzaG93IjoiNTQ0YTgyZDQifQ%3D%3D\">\n\t\t\t\t\t<div class=\"e-gallery-image elementor-gallery-item__image\" data-thumbnail=\"https:\/\/altowatches.com\/wp-content\/uploads\/2025\/02\/I_AM_MARTIN_PARR_LE_PHOTOGRAPHE_SO_BRITISH__MYCANAL_ALD_MEA_PIVOT_16_9-E1M6-1024x576.webp\" data-width=\"800\" data-height=\"450\" aria-label=\"\" role=\"img\" ><\/div>\n\t\t\t\t\t\t\t\t\t\t\t<div class=\"elementor-gallery-item__overlay\"><\/div>\n\t\t\t\t\t\t\t\t\t\t\t\t\t\t<\/a>\n\t\t\t\t\t\t\t<a class=\"e-gallery-item elementor-gallery-item elementor-animated-content\" href=\"https:\/\/altowatches.com\/wp-content\/uploads\/2025\/02\/ALTO-INCADAQUES.jpg\" data-elementor-open-lightbox=\"yes\" data-elementor-lightbox-slideshow=\"544a82d4\" data-e-action-hash=\"#elementor-action%3Aaction%3Dlightbox%26settings%3DeyJpZCI6MjE0NiwidXJsIjoiaHR0cHM6XC9cL2FsdG93YXRjaGVzLmNvbVwvd3AtY29udGVudFwvdXBsb2Fkc1wvMjAyNVwvMDJcL0FMVE8tSU5DQURBUVVFUy5qcGciLCJzbGlkZXNob3ciOiI1NDRhODJkNCJ9\">\n\t\t\t\t\t<div class=\"e-gallery-image elementor-gallery-item__image\" data-thumbnail=\"https:\/\/altowatches.com\/wp-content\/uploads\/2025\/02\/ALTO-INCADAQUES-576x1024.jpg\" data-width=\"576\" data-height=\"1024\" aria-label=\"\" role=\"img\" ><\/div>\n\t\t\t\t\t\t\t\t\t\t\t<div class=\"elementor-gallery-item__overlay\"><\/div>\n\t\t\t\t\t\t\t\t\t\t\t\t\t\t<\/a>\n\t\t\t\t\t\t\t<a class=\"e-gallery-item elementor-gallery-item elementor-animated-content\" href=\"https:\/\/altowatches.com\/wp-content\/uploads\/2025\/02\/PAM1985002Z00031-02-e1739175359547.webp\" data-elementor-open-lightbox=\"yes\" data-elementor-lightbox-slideshow=\"544a82d4\" data-e-action-hash=\"#elementor-action%3Aaction%3Dlightbox%26settings%3DeyJpZCI6MjEzOCwidXJsIjoiaHR0cHM6XC9cL2FsdG93YXRjaGVzLmNvbVwvd3AtY29udGVudFwvdXBsb2Fkc1wvMjAyNVwvMDJcL1BBTTE5ODUwMDJaMDAwMzEtMDItZTE3MzkxNzUzNTk1NDcud2VicCIsInNsaWRlc2hvdyI6IjU0NGE4MmQ0In0%3D\">\n\t\t\t\t\t<div class=\"e-gallery-image elementor-gallery-item__image\" data-thumbnail=\"https:\/\/altowatches.com\/wp-content\/uploads\/2025\/02\/PAM1985002Z00031-02-1024x576.webp\" data-width=\"800\" data-height=\"450\" aria-label=\"\" role=\"img\" ><\/div>\n\t\t\t\t\t\t\t\t\t\t\t<div class=\"elementor-gallery-item__overlay\"><\/div>\n\t\t\t\t\t\t\t\t\t\t\t\t\t\t<\/a>\n\t\t\t\t\t\t\t<a class=\"e-gallery-item elementor-gallery-item elementor-animated-content\" href=\"https:\/\/altowatches.com\/wp-content\/uploads\/2025\/02\/photo-website.jpg\" data-elementor-open-lightbox=\"yes\" data-elementor-lightbox-slideshow=\"544a82d4\" data-e-action-hash=\"#elementor-action%3Aaction%3Dlightbox%26settings%3DeyJpZCI6MjI3MiwidXJsIjoiaHR0cHM6XC9cL2FsdG93YXRjaGVzLmNvbVwvd3AtY29udGVudFwvdXBsb2Fkc1wvMjAyNVwvMDJcL3Bob3RvLXdlYnNpdGUuanBnIiwic2xpZGVzaG93IjoiNTQ0YTgyZDQifQ%3D%3D\">\n\t\t\t\t\t<div class=\"e-gallery-image elementor-gallery-item__image\" data-thumbnail=\"https:\/\/altowatches.com\/wp-content\/uploads\/2025\/02\/photo-website-1024x673.jpg\" data-width=\"800\" data-height=\"526\" aria-label=\"\" role=\"img\" ><\/div>\n\t\t\t\t\t\t\t\t\t\t\t<div class=\"elementor-gallery-item__overlay\"><\/div>\n\t\t\t\t\t\t\t\t\t\t\t\t\t\t<\/a>\n\t\t\t\t\t<\/div>\n\t\t\t\t\t<\/div>\n\t\t\t\t\t<\/div>\n\t\t<\/div>\n\t\t\t\t\t<\/div>\n\t\t<\/section>\n\t\t\t\t<\/div>","protected":false},"excerpt":{"rendered":"<p>ALTO X IN CADAQU\u00c9S Alto nourrit un engagement profond envers le monde de l\u2019art et de la cr\u00e9ativit\u00e9. T\u00e9moignant de son attachement ind\u00e9fectible \u00e0 la photographie, la marque a nou\u00e9 un partenariat avec le prestigieux Festival Photo Incadaqu\u00e9s, un \u00e9v\u00e9nement incontournable sur la sc\u00e8ne internationale pour les passionn\u00e9s de photographie. \u00c0 travers cette collaboration, Alto [&hellip;]<\/p>\n","protected":false},"author":1,"featured_media":0,"parent":0,"menu_order":2,"comment_status":"closed","ping_status":"closed","template":"","meta":{"footnotes":""},"class_list":["post-2098","page","type-page","status-publish","hentry"],"yoast_head":"<!-- This site is optimized with the Yoast SEO plugin v27.4 - https:\/\/yoast.com\/product\/yoast-seo-wordpress\/ -->\n<title>ALTO | ALTO x IN CADAQU\u00c9S<\/title>\n<meta name=\"description\" content=\"ALTO invite \u00e0 explorer le th\u00e8me universel du temps par toutes les formes d\u2019art. Nous croyons que les arts ont une influence majeure sur notre rapport du temps. Nous abordons le th\u00e8me du temps sous un angle artistique unique et singulier.\" \/>\n<meta name=\"robots\" content=\"index, follow, max-snippet:-1, max-image-preview:large, max-video-preview:-1\" \/>\n<link rel=\"canonical\" href=\"https:\/\/altowatches.com\/en\/evenements__trashed\/alto-x-in-cadaques\/\" \/>\n<meta property=\"og:locale\" content=\"en_GB\" \/>\n<meta property=\"og:type\" content=\"article\" \/>\n<meta property=\"og:title\" content=\"ALTO | ALTO x IN CADAQU\u00c9S\" \/>\n<meta property=\"og:description\" content=\"ALTO invite \u00e0 explorer le th\u00e8me universel du temps par toutes les formes d\u2019art. Nous croyons que les arts ont une influence majeure sur notre rapport du temps. Nous abordons le th\u00e8me du temps sous un angle artistique unique et singulier.\" \/>\n<meta property=\"og:url\" content=\"https:\/\/altowatches.com\/en\/evenements__trashed\/alto-x-in-cadaques\/\" \/>\n<meta property=\"og:site_name\" content=\"ALTO\" \/>\n<meta property=\"article:modified_time\" content=\"2025-02-17T08:01:22+00:00\" \/>\n<meta property=\"og:image\" content=\"https:\/\/altowatches.com\/wp-content\/uploads\/2023\/04\/AALTO_couverture.jpg\" \/>\n\t<meta property=\"og:image:width\" content=\"1200\" \/>\n\t<meta property=\"og:image:height\" content=\"675\" \/>\n\t<meta property=\"og:image:type\" content=\"image\/jpeg\" \/>\n<meta name=\"twitter:card\" content=\"summary_large_image\" \/>\n<meta name=\"twitter:label1\" content=\"Estimated reading time\" \/>\n\t<meta name=\"twitter:data1\" content=\"1 minute\" \/>\n<script type=\"application\/ld+json\" class=\"yoast-schema-graph\">{\"@context\":\"https:\\\/\\\/schema.org\",\"@graph\":[{\"@type\":\"WebPage\",\"@id\":\"https:\\\/\\\/altowatches.com\\\/evenements__trashed\\\/alto-x-in-cadaques\\\/\",\"url\":\"https:\\\/\\\/altowatches.com\\\/evenements__trashed\\\/alto-x-in-cadaques\\\/\",\"name\":\"ALTO | ALTO x IN CADAQU\u00c9S\",\"isPartOf\":{\"@id\":\"https:\\\/\\\/altowatches.com\\\/#website\"},\"datePublished\":\"2025-02-07T16:29:53+00:00\",\"dateModified\":\"2025-02-17T08:01:22+00:00\",\"description\":\"ALTO invite \u00e0 explorer le th\u00e8me universel du temps par toutes les formes d\u2019art. Nous croyons que les arts ont une influence majeure sur notre rapport du temps. Nous abordons le th\u00e8me du temps sous un angle artistique unique et singulier.\",\"breadcrumb\":{\"@id\":\"https:\\\/\\\/altowatches.com\\\/evenements__trashed\\\/alto-x-in-cadaques\\\/#breadcrumb\"},\"inLanguage\":\"en-GB\",\"potentialAction\":[{\"@type\":\"ReadAction\",\"target\":[\"https:\\\/\\\/altowatches.com\\\/evenements__trashed\\\/alto-x-in-cadaques\\\/\"]}]},{\"@type\":\"BreadcrumbList\",\"@id\":\"https:\\\/\\\/altowatches.com\\\/evenements__trashed\\\/alto-x-in-cadaques\\\/#breadcrumb\",\"itemListElement\":[{\"@type\":\"ListItem\",\"position\":1,\"name\":\"Accueil\",\"item\":\"https:\\\/\\\/altowatches.com\\\/\"},{\"@type\":\"ListItem\",\"position\":2,\"name\":\"ALTO x IN CADAQU\u00c9S\"}]},{\"@type\":\"WebSite\",\"@id\":\"https:\\\/\\\/altowatches.com\\\/#website\",\"url\":\"https:\\\/\\\/altowatches.com\\\/\",\"name\":\"ALTO Watches\",\"description\":\"ART DRIVEN\",\"publisher\":{\"@id\":\"https:\\\/\\\/altowatches.com\\\/#organization\"},\"alternateName\":\"ALTO\",\"potentialAction\":[{\"@type\":\"SearchAction\",\"target\":{\"@type\":\"EntryPoint\",\"urlTemplate\":\"https:\\\/\\\/altowatches.com\\\/?s={search_term_string}\"},\"query-input\":{\"@type\":\"PropertyValueSpecification\",\"valueRequired\":true,\"valueName\":\"search_term_string\"}}],\"inLanguage\":\"en-GB\"},{\"@type\":\"Organization\",\"@id\":\"https:\\\/\\\/altowatches.com\\\/#organization\",\"name\":\"Arts Limited Time Objects\",\"alternateName\":\"ALTO\",\"url\":\"https:\\\/\\\/altowatches.com\\\/\",\"logo\":{\"@type\":\"ImageObject\",\"inLanguage\":\"en-GB\",\"@id\":\"https:\\\/\\\/altowatches.com\\\/#\\\/schema\\\/logo\\\/image\\\/\",\"url\":\"https:\\\/\\\/altowatches.com\\\/wp-content\\\/uploads\\\/2023\\\/04\\\/AALTO_favicon.jpg\",\"contentUrl\":\"https:\\\/\\\/altowatches.com\\\/wp-content\\\/uploads\\\/2023\\\/04\\\/AALTO_favicon.jpg\",\"width\":2000,\"height\":1852,\"caption\":\"Arts Limited Time Objects\"},\"image\":{\"@id\":\"https:\\\/\\\/altowatches.com\\\/#\\\/schema\\\/logo\\\/image\\\/\"},\"sameAs\":[\"https:\\\/\\\/www.instagram.com\\\/aaltowatches\\\/\"]}]}<\/script>\n<!-- \/ Yoast SEO plugin. -->","yoast_head_json":{"title":"ALTO | ALTO x IN CADAQU\u00c9S","description":"ALTO invite \u00e0 explorer le th\u00e8me universel du temps par toutes les formes d\u2019art. Nous croyons que les arts ont une influence majeure sur notre rapport du temps. Nous abordons le th\u00e8me du temps sous un angle artistique unique et singulier.","robots":{"index":"index","follow":"follow","max-snippet":"max-snippet:-1","max-image-preview":"max-image-preview:large","max-video-preview":"max-video-preview:-1"},"canonical":"https:\/\/altowatches.com\/en\/evenements__trashed\/alto-x-in-cadaques\/","og_locale":"en_GB","og_type":"article","og_title":"ALTO | ALTO x IN CADAQU\u00c9S","og_description":"ALTO invite \u00e0 explorer le th\u00e8me universel du temps par toutes les formes d\u2019art. Nous croyons que les arts ont une influence majeure sur notre rapport du temps. Nous abordons le th\u00e8me du temps sous un angle artistique unique et singulier.","og_url":"https:\/\/altowatches.com\/en\/evenements__trashed\/alto-x-in-cadaques\/","og_site_name":"ALTO","article_modified_time":"2025-02-17T08:01:22+00:00","og_image":[{"width":1200,"height":675,"url":"https:\/\/altowatches.com\/wp-content\/uploads\/2023\/04\/AALTO_couverture.jpg","type":"image\/jpeg"}],"twitter_card":"summary_large_image","twitter_misc":{"Estimated reading time":"1 minute"},"schema":{"@context":"https:\/\/schema.org","@graph":[{"@type":"WebPage","@id":"https:\/\/altowatches.com\/evenements__trashed\/alto-x-in-cadaques\/","url":"https:\/\/altowatches.com\/evenements__trashed\/alto-x-in-cadaques\/","name":"ALTO | ALTO x IN CADAQU\u00c9S","isPartOf":{"@id":"https:\/\/altowatches.com\/#website"},"datePublished":"2025-02-07T16:29:53+00:00","dateModified":"2025-02-17T08:01:22+00:00","description":"ALTO invite \u00e0 explorer le th\u00e8me universel du temps par toutes les formes d\u2019art. Nous croyons que les arts ont une influence majeure sur notre rapport du temps. Nous abordons le th\u00e8me du temps sous un angle artistique unique et singulier.","breadcrumb":{"@id":"https:\/\/altowatches.com\/evenements__trashed\/alto-x-in-cadaques\/#breadcrumb"},"inLanguage":"en-GB","potentialAction":[{"@type":"ReadAction","target":["https:\/\/altowatches.com\/evenements__trashed\/alto-x-in-cadaques\/"]}]},{"@type":"BreadcrumbList","@id":"https:\/\/altowatches.com\/evenements__trashed\/alto-x-in-cadaques\/#breadcrumb","itemListElement":[{"@type":"ListItem","position":1,"name":"Accueil","item":"https:\/\/altowatches.com\/"},{"@type":"ListItem","position":2,"name":"ALTO x IN CADAQU\u00c9S"}]},{"@type":"WebSite","@id":"https:\/\/altowatches.com\/#website","url":"https:\/\/altowatches.com\/","name":"ALTO Watches","description":"ART DRIVEN","publisher":{"@id":"https:\/\/altowatches.com\/#organization"},"alternateName":"ALTO","potentialAction":[{"@type":"SearchAction","target":{"@type":"EntryPoint","urlTemplate":"https:\/\/altowatches.com\/?s={search_term_string}"},"query-input":{"@type":"PropertyValueSpecification","valueRequired":true,"valueName":"search_term_string"}}],"inLanguage":"en-GB"},{"@type":"Organization","@id":"https:\/\/altowatches.com\/#organization","name":"Arts Limited Time Objects","alternateName":"ALTO","url":"https:\/\/altowatches.com\/","logo":{"@type":"ImageObject","inLanguage":"en-GB","@id":"https:\/\/altowatches.com\/#\/schema\/logo\/image\/","url":"https:\/\/altowatches.com\/wp-content\/uploads\/2023\/04\/AALTO_favicon.jpg","contentUrl":"https:\/\/altowatches.com\/wp-content\/uploads\/2023\/04\/AALTO_favicon.jpg","width":2000,"height":1852,"caption":"Arts Limited Time Objects"},"image":{"@id":"https:\/\/altowatches.com\/#\/schema\/logo\/image\/"},"sameAs":["https:\/\/www.instagram.com\/aaltowatches\/"]}]}},"_links":{"self":[{"href":"https:\/\/altowatches.com\/en\/wp-json\/wp\/v2\/pages\/2098","targetHints":{"allow":["GET"]}}],"collection":[{"href":"https:\/\/altowatches.com\/en\/wp-json\/wp\/v2\/pages"}],"about":[{"href":"https:\/\/altowatches.com\/en\/wp-json\/wp\/v2\/types\/page"}],"author":[{"embeddable":true,"href":"https:\/\/altowatches.com\/en\/wp-json\/wp\/v2\/users\/1"}],"replies":[{"embeddable":true,"href":"https:\/\/altowatches.com\/en\/wp-json\/wp\/v2\/comments?post=2098"}],"version-history":[{"count":46,"href":"https:\/\/altowatches.com\/en\/wp-json\/wp\/v2\/pages\/2098\/revisions"}],"predecessor-version":[{"id":2382,"href":"https:\/\/altowatches.com\/en\/wp-json\/wp\/v2\/pages\/2098\/revisions\/2382"}],"wp:attachment":[{"href":"https:\/\/altowatches.com\/en\/wp-json\/wp\/v2\/media?parent=2098"}],"curies":[{"name":"wp","href":"https:\/\/api.w.org\/{rel}","templated":true}]}}