{"id":2928,"date":"2025-10-30T17:02:30","date_gmt":"2025-10-30T16:02:30","guid":{"rendered":"https:\/\/altowatches.com\/?page_id=2928"},"modified":"2025-11-07T11:28:31","modified_gmt":"2025-11-07T10:28:31","slug":"service","status":"publish","type":"page","link":"https:\/\/altowatches.com\/en\/service\/","title":{"rendered":"Service"},"content":{"rendered":"\t\t<div data-elementor-type=\"wp-page\" data-elementor-id=\"2928\" class=\"elementor elementor-2928\" data-elementor-post-type=\"page\">\n\t\t\t\t\t\t<section class=\"elementor-section elementor-top-section elementor-element elementor-element-762abdae elementor-section-boxed elementor-section-height-default elementor-section-height-default\" data-id=\"762abdae\" data-element_type=\"section\" data-e-type=\"section\">\n\t\t\t\t\t\t<div class=\"elementor-container elementor-column-gap-default\">\n\t\t\t\t\t<div class=\"elementor-column elementor-col-100 elementor-top-column elementor-element elementor-element-75885da6\" data-id=\"75885da6\" data-element_type=\"column\" data-e-type=\"column\">\n\t\t\t<div class=\"elementor-widget-wrap elementor-element-populated\">\n\t\t\t\t\t\t<div class=\"elementor-element elementor-element-6c8a15a0 elementor-widget elementor-widget-heading\" data-id=\"6c8a15a0\" data-element_type=\"widget\" data-e-type=\"widget\" data-widget_type=\"heading.default\">\n\t\t\t\t\t<h2 class=\"elementor-heading-title elementor-size-default\">Service apr\u00e8s-vente<\/h2>\t\t\t\t<\/div>\n\t\t\t\t<div class=\"elementor-element elementor-element-1d2ec21e elementor-button-align-end elementor-widget elementor-widget-form\" data-id=\"1d2ec21e\" data-element_type=\"widget\" data-e-type=\"widget\" data-settings=\"{&quot;step_next_label&quot;:&quot;Suivant&quot;,&quot;step_previous_label&quot;:&quot;Pr\\u00e9c\\u00e9dent&quot;,&quot;button_width&quot;:&quot;100&quot;,&quot;step_type&quot;:&quot;number_text&quot;,&quot;step_icon_shape&quot;:&quot;circle&quot;}\" data-widget_type=\"form.default\">\n\t\t\t\t\t\t\t<form class=\"elementor-form\" method=\"post\" id=\"formulaire_sav\" name=\"Formulaire de service apr\u00e8s-vente\" aria-label=\"Formulaire de service apr\u00e8s-vente\">\n\t\t\t<input type=\"hidden\" name=\"post_id\" value=\"2928\"\/>\n\t\t\t<input type=\"hidden\" name=\"form_id\" value=\"1d2ec21e\"\/>\n\t\t\t<input type=\"hidden\" name=\"referer_title\" value=\"ALTO | Service\" \/>\n\n\t\t\t\t\t\t\t<input type=\"hidden\" name=\"queried_id\" value=\"2928\"\/>\n\t\t\t\n\t\t\t<div class=\"elementor-form-fields-wrapper elementor-labels-\">\n\t\t\t\t\t\t\t\t<div class=\"elementor-field-type-html elementor-field-group elementor-column elementor-field-group-field_78571c2 elementor-col-100 elementor-md-100\">\n\t\t\t\t\t<h2 class=\"elementor-heading-title elementor-size-default\">INFORMATIONS<\/h2>\t\t\t\t<\/div>\n\t\t\t\t\t\t\t\t<div class=\"elementor-field-type-text elementor-field-group elementor-column elementor-field-group-name elementor-col-50 elementor-md-50 elementor-field-required\">\n\t\t\t\t\t\t\t\t\t\t\t\t<label for=\"form-field-name\" class=\"elementor-field-label elementor-screen-only\">\n\t\t\t\t\t\t\t\tNom\t\t\t\t\t\t\t<\/label>\n\t\t\t\t\t\t\t\t\t\t\t\t\t\t<input size=\"1\" type=\"text\" name=\"form_fields[name]\" id=\"form-field-name\" class=\"elementor-field elementor-size-lg  elementor-field-textual\" placeholder=\"Nom *\" required=\"required\">\n\t\t\t\t\t\t\t\t\t\t\t<\/div>\n\t\t\t\t\t\t\t\t<div class=\"elementor-field-type-text elementor-field-group elementor-column elementor-field-group-field_f1e616f elementor-col-50 elementor-md-50 elementor-field-required\">\n\t\t\t\t\t\t\t\t\t\t\t\t<label for=\"form-field-field_f1e616f\" class=\"elementor-field-label elementor-screen-only\">\n\t\t\t\t\t\t\t\tPr\u00e9nom\t\t\t\t\t\t\t<\/label>\n\t\t\t\t\t\t\t\t\t\t\t\t\t\t<input size=\"1\" type=\"text\" name=\"form_fields[field_f1e616f]\" id=\"form-field-field_f1e616f\" class=\"elementor-field elementor-size-lg  elementor-field-textual\" placeholder=\"Pr\u00e9nom *\" required=\"required\">\n\t\t\t\t\t\t\t\t\t\t\t<\/div>\n\t\t\t\t\t\t\t\t<div class=\"elementor-field-type-email elementor-field-group elementor-column elementor-field-group-email elementor-col-50 elementor-md-50 elementor-field-required\">\n\t\t\t\t\t\t\t\t\t\t\t\t<label for=\"form-field-email\" class=\"elementor-field-label elementor-screen-only\">\n\t\t\t\t\t\t\t\tE-mail\t\t\t\t\t\t\t<\/label>\n\t\t\t\t\t\t\t\t\t\t\t\t\t\t<input size=\"1\" type=\"email\" name=\"form_fields[email]\" id=\"form-field-email\" class=\"elementor-field elementor-size-lg  elementor-field-textual\" placeholder=\"E-mail *\" required=\"required\">\n\t\t\t\t\t\t\t\t\t\t\t<\/div>\n\t\t\t\t\t\t\t\t<div class=\"elementor-field-type-tel elementor-field-group elementor-column elementor-field-group-field_96d1f52 elementor-col-50 elementor-md-50 elementor-field-required\">\n\t\t\t\t\t\t\t\t\t\t\t\t<label for=\"form-field-field_96d1f52\" class=\"elementor-field-label elementor-screen-only\">\n\t\t\t\t\t\t\t\tT\u00e9l\u00e9phone \t\t\t\t\t\t\t<\/label>\n\t\t\t\t\t\t\t\t<input size=\"1\" type=\"tel\" name=\"form_fields[field_96d1f52]\" id=\"form-field-field_96d1f52\" class=\"elementor-field elementor-size-lg  elementor-field-textual\" placeholder=\"T\u00e9l\u00e9phone *\" required=\"required\" pattern=\"[0-9()#&amp;+*-=.]+\" title=\"Only numbers and phone characters (#, -, *, etc) are accepted.\">\n\n\t\t\t\t\t\t<\/div>\n\t\t\t\t\t\t\t\t<div class=\"elementor-field-type-html elementor-field-group elementor-column elementor-field-group-field_33d17b1 elementor-col-100 elementor-md-100\">\n\t\t\t\t\t<BR><BR><h2 class=\"elementor-heading-title elementor-size-default\">ADRESSE<\/h2>\t\t\t\t<\/div>\n\t\t\t\t\t\t\t\t<div class=\"elementor-field-type-text elementor-field-group elementor-column elementor-field-group-field_a400626 elementor-col-50 elementor-md-50 elementor-field-required\">\n\t\t\t\t\t\t\t\t\t\t\t\t<label for=\"form-field-field_a400626\" class=\"elementor-field-label elementor-screen-only\">\n\t\t\t\t\t\t\t\tNom complet\t\t\t\t\t\t\t<\/label>\n\t\t\t\t\t\t\t\t\t\t\t\t\t\t<input size=\"1\" type=\"text\" name=\"form_fields[field_a400626]\" id=\"form-field-field_a400626\" class=\"elementor-field elementor-size-lg  elementor-field-textual\" placeholder=\"Nom complet *\" required=\"required\">\n\t\t\t\t\t\t\t\t\t\t\t<\/div>\n\t\t\t\t\t\t\t\t<div class=\"elementor-field-type-text elementor-field-group elementor-column elementor-field-group-field_e1e59a0 elementor-col-50 elementor-md-50\">\n\t\t\t\t\t\t\t\t\t\t\t\t<label for=\"form-field-field_e1e59a0\" class=\"elementor-field-label elementor-screen-only\">\n\t\t\t\t\t\t\t\tEntreprise\t\t\t\t\t\t\t<\/label>\n\t\t\t\t\t\t\t\t\t\t\t\t\t\t<input size=\"1\" type=\"text\" name=\"form_fields[field_e1e59a0]\" id=\"form-field-field_e1e59a0\" class=\"elementor-field elementor-size-lg  elementor-field-textual\" placeholder=\"Entreprise\">\n\t\t\t\t\t\t\t\t\t\t\t<\/div>\n\t\t\t\t\t\t\t\t<div class=\"elementor-field-type-text elementor-field-group elementor-column elementor-field-group-field_db0369e elementor-col-50 elementor-md-50 elementor-field-required\">\n\t\t\t\t\t\t\t\t\t\t\t\t<label for=\"form-field-field_db0369e\" class=\"elementor-field-label elementor-screen-only\">\n\t\t\t\t\t\t\t\tAdresse 1\t\t\t\t\t\t\t<\/label>\n\t\t\t\t\t\t\t\t\t\t\t\t\t\t<input size=\"1\" type=\"text\" name=\"form_fields[field_db0369e]\" id=\"form-field-field_db0369e\" class=\"elementor-field elementor-size-lg  elementor-field-textual\" placeholder=\"Adresse 1 *\" required=\"required\">\n\t\t\t\t\t\t\t\t\t\t\t<\/div>\n\t\t\t\t\t\t\t\t<div class=\"elementor-field-type-text elementor-field-group elementor-column elementor-field-group-field_9f0f3d8 elementor-col-50 elementor-md-50\">\n\t\t\t\t\t\t\t\t\t\t\t\t<label for=\"form-field-field_9f0f3d8\" class=\"elementor-field-label elementor-screen-only\">\n\t\t\t\t\t\t\t\tAdresse 2\t\t\t\t\t\t\t<\/label>\n\t\t\t\t\t\t\t\t\t\t\t\t\t\t<input size=\"1\" type=\"text\" name=\"form_fields[field_9f0f3d8]\" id=\"form-field-field_9f0f3d8\" class=\"elementor-field elementor-size-lg  elementor-field-textual\" placeholder=\"Adresse 2\">\n\t\t\t\t\t\t\t\t\t\t\t<\/div>\n\t\t\t\t\t\t\t\t<div class=\"elementor-field-type-text elementor-field-group elementor-column elementor-field-group-field_4ab8c39 elementor-col-50 elementor-md-50 elementor-field-required\">\n\t\t\t\t\t\t\t\t\t\t\t\t<label for=\"form-field-field_4ab8c39\" class=\"elementor-field-label elementor-screen-only\">\n\t\t\t\t\t\t\t\tCode postal\t\t\t\t\t\t\t<\/label>\n\t\t\t\t\t\t\t\t\t\t\t\t\t\t<input size=\"1\" type=\"text\" name=\"form_fields[field_4ab8c39]\" id=\"form-field-field_4ab8c39\" class=\"elementor-field elementor-size-lg  elementor-field-textual\" placeholder=\"Code postal *\" required=\"required\">\n\t\t\t\t\t\t\t\t\t\t\t<\/div>\n\t\t\t\t\t\t\t\t<div class=\"elementor-field-type-text elementor-field-group elementor-column elementor-field-group-field_683f397 elementor-col-50 elementor-md-50 elementor-field-required\">\n\t\t\t\t\t\t\t\t\t\t\t\t<label for=\"form-field-field_683f397\" class=\"elementor-field-label elementor-screen-only\">\n\t\t\t\t\t\t\t\tVille\t\t\t\t\t\t\t<\/label>\n\t\t\t\t\t\t\t\t\t\t\t\t\t\t<input size=\"1\" type=\"text\" name=\"form_fields[field_683f397]\" id=\"form-field-field_683f397\" class=\"elementor-field elementor-size-lg  elementor-field-textual\" placeholder=\"Ville *\" required=\"required\">\n\t\t\t\t\t\t\t\t\t\t\t<\/div>\n\t\t\t\t\t\t\t\t<div class=\"elementor-field-type-text elementor-field-group elementor-column elementor-field-group-field_ef1454d elementor-col-50 elementor-md-50 elementor-field-required\">\n\t\t\t\t\t\t\t\t\t\t\t\t<label for=\"form-field-field_ef1454d\" class=\"elementor-field-label elementor-screen-only\">\n\t\t\t\t\t\t\t\tPays\t\t\t\t\t\t\t<\/label>\n\t\t\t\t\t\t\t\t\t\t\t\t\t\t<input size=\"1\" type=\"text\" name=\"form_fields[field_ef1454d]\" id=\"form-field-field_ef1454d\" class=\"elementor-field elementor-size-lg  elementor-field-textual\" placeholder=\"Pays *\" required=\"required\">\n\t\t\t\t\t\t\t\t\t\t\t<\/div>\n\t\t\t\t\t\t\t\t<div class=\"elementor-field-type-html elementor-field-group elementor-column elementor-field-group-field_2841473 elementor-col-100 elementor-md-100\">\n\t\t\t\t\t<BR><BR><h2 class=\"elementor-heading-title elementor-size-default\">PRODUIT<\/h2>\t\t\t\t<\/div>\n\t\t\t\t\t\t\t\t<div class=\"elementor-field-type-select elementor-field-group elementor-column elementor-field-group-field_64bade2 elementor-col-50 elementor-md-100\">\n\t\t\t\t\t\t\t\t\t\t\t\t<label for=\"form-field-field_64bade2\" class=\"elementor-field-label elementor-screen-only\">\n\t\t\t\t\t\t\t\tProduit\t\t\t\t\t\t\t<\/label>\n\t\t\t\t\t\t\t\t<div class=\"elementor-field elementor-select-wrapper remove-before \">\n\t\t\t<div class=\"select-caret-down-wrapper\">\n\t\t\t\t<i aria-hidden=\"true\" class=\"eicon-caret-down\"><\/i>\t\t\t<\/div>\n\t\t\t<select name=\"form_fields[field_64bade2]\" id=\"form-field-field_64bade2\" class=\"elementor-field-textual elementor-size-lg\">\n\t\t\t\t\t\t\t\t\t<option value=\"Produit\">Produit<\/option>\n\t\t\t\t\t\t\t\t\t<option value=\"-----\">-----<\/option>\n\t\t\t\t\t\t\t\t\t<option value=\"ART 01 First Edition\">ART 01 First Edition<\/option>\n\t\t\t\t\t\t\t\t\t<option value=\"ART 01 Monochrome Black\">ART 01 Monochrome Black<\/option>\n\t\t\t\t\t\t\t\t\t<option value=\"ART 01 Monochrome Grey\">ART 01 Monochrome Grey<\/option>\n\t\t\t\t\t\t\t\t\t<option value=\"ART 01 Falcon Eye\">ART 01 Falcon Eye<\/option>\n\t\t\t\t\t\t\t\t\t<option value=\"Bracelet ou accessoire\">Bracelet ou accessoire<\/option>\n\t\t\t\t\t\t\t<\/select>\n\t\t<\/div>\n\t\t\t\t\t\t<\/div>\n\t\t\t\t\t\t\t\t<div class=\"elementor-field-type-text elementor-field-group elementor-column elementor-field-group-field_ee667b0 elementor-col-50 elementor-md-100\">\n\t\t\t\t\t\t\t\t\t\t\t\t<label for=\"form-field-field_ee667b0\" class=\"elementor-field-label elementor-screen-only\">\n\t\t\t\t\t\t\t\tPasseport num\u00e9rique\t\t\t\t\t\t\t<\/label>\n\t\t\t\t\t\t\t\t\t\t\t\t\t\t<input size=\"1\" type=\"text\" name=\"form_fields[field_ee667b0]\" id=\"form-field-field_ee667b0\" class=\"elementor-field elementor-size-lg  elementor-field-textual\" placeholder=\" R\u00e9f\u00e9rence du passeport num\u00e9rique\">\n\t\t\t\t\t\t\t\t\t\t\t<\/div>\n\t\t\t\t\t\t\t\t<div class=\"elementor-field-type-html elementor-field-group elementor-column elementor-field-group-field_44acf8d elementor-col-100 elementor-md-100\">\n\t\t\t\t\t<BR><BR><h2 class=\"elementor-heading-title elementor-size-default\">MESSAGE<\/h2>\t\t\t\t<\/div>\n\t\t\t\t\t\t\t\t<div class=\"elementor-field-type-textarea elementor-field-group elementor-column elementor-field-group-message elementor-col-100 elementor-md-100\">\n\t\t\t\t\t\t\t\t\t\t\t\t<label for=\"form-field-message\" class=\"elementor-field-label elementor-screen-only\">\n\t\t\t\t\t\t\t\tMessage\t\t\t\t\t\t\t<\/label>\n\t\t\t\t\t\t<textarea class=\"elementor-field-textual elementor-field  elementor-size-lg\" name=\"form_fields[message]\" id=\"form-field-message\" rows=\"5\" placeholder=\"Message\"><\/textarea>\t\t\t\t<\/div>\n\t\t\t\t\t\t\t\t<div class=\"elementor-field-type-recaptcha_v3 elementor-field-group elementor-column elementor-field-group-field_01f159b elementor-col-100 recaptcha_v3-bottomright\">\n\t\t\t\t\t<div class=\"elementor-field\" id=\"form-field-field_01f159b\"><div class=\"elementor-g-recaptcha\" data-sitekey=\"6Lc3uckpAAAAAF-QIMHeej5BRC0XXvq4yJzWVexp\" data-type=\"v3\" data-action=\"Form\" data-badge=\"bottomright\" data-size=\"invisible\"><\/div><\/div>\t\t\t\t<\/div>\n\t\t\t\t\t\t\t\t<div class=\"elementor-field-type-acceptance elementor-field-group elementor-column elementor-field-group-field_bda0361 elementor-col-100 elementor-md-100 elementor-field-required\">\n\t\t\t\t\t\t\t<div class=\"elementor-field-subgroup\">\n\t\t\t<span class=\"elementor-field-option\">\n\t\t\t\t<input type=\"checkbox\" name=\"form_fields[field_bda0361]\" id=\"form-field-field_bda0361\" class=\"elementor-field elementor-size-lg  elementor-acceptance-field\" required=\"required\">\n\t\t\t\t<label for=\"form-field-field_bda0361\">En fournissant votre adresse e-mail, vous acceptez de recevoir des e-mails marketing de notre part. Soyez assur\u00e9 que nous respectons votre vie priv\u00e9e et adh\u00e9rons aux directives du RGPD pour assurer la protection de vos donn\u00e9es personnelles. Vous pouvez vous d\u00e9sabonner \u00e0 tout moment en nous envoyant un mail \u00e0 <a href=\"mailto:contact@altowatches.com\">contact@altowatches.com<\/a>. Pour plus d'informations sur nos pratiques en mati\u00e8re de confidentialit\u00e9, consultez notre <a href=\"https:\/\/altowatches.com\/politique-de-confidentialite\/\">Politique de confidentialit\u00e9<\/a>.<\/label>\t\t\t<\/span>\n\t\t<\/div>\n\t\t\t\t\t\t<\/div>\n\t\t\t\t\t\t\t\t<div class=\"elementor-field-group elementor-column elementor-field-type-submit elementor-col-100 e-form__buttons\">\n\t\t\t\t\t<button class=\"elementor-button elementor-size-lg\" type=\"submit\">\n\t\t\t\t\t\t<span class=\"elementor-button-content-wrapper\">\n\t\t\t\t\t\t\t\t\t\t\t\t\t\t\t<span class=\"elementor-button-icon\">\n\t\t\t\t\t\t\t\t\t<i aria-hidden=\"true\" class=\"fas fa-arrow-right\"><\/i>\t\t\t\t\t\t\t\t\t\t\t\t\t\t\t\t\t<\/span>\n\t\t\t\t\t\t\t\t\t\t\t\t\t\t\t\t\t\t\t\t\t\t<span class=\"elementor-button-text\">Envoyer ma demande<\/span>\n\t\t\t\t\t\t\t\t\t\t\t\t\t<\/span>\n\t\t\t\t\t<\/button>\n\t\t\t\t<\/div>\n\t\t\t<\/div>\n\t\t<\/form>\n\t\t\t\t\t\t<\/div>\n\t\t\t\t\t<\/div>\n\t\t<\/div>\n\t\t\t\t\t<\/div>\n\t\t<\/section>\n\t\t\t\t<\/div>\n\t\t","protected":false},"excerpt":{"rendered":"<p>After sale<\/p>","protected":false},"author":1,"featured_media":0,"parent":0,"menu_order":0,"comment_status":"closed","ping_status":"closed","template":"","meta":{"footnotes":""},"class_list":["post-2928","page","type-page","status-publish","hentry"],"yoast_head":"<!-- This site is optimized with the Yoast SEO plugin v27.4 - https:\/\/yoast.com\/product\/yoast-seo-wordpress\/ -->\n<title>ALTO | Service<\/title>\n<meta name=\"description\" content=\"ALTO invite \u00e0 explorer le th\u00e8me universel du temps par toutes les formes d\u2019art. Nous croyons que les arts ont une influence majeure sur notre rapport du temps. Nous abordons le th\u00e8me du temps sous un angle artistique unique et singulier.\" \/>\n<meta name=\"robots\" content=\"index, follow, max-snippet:-1, max-image-preview:large, max-video-preview:-1\" \/>\n<link rel=\"canonical\" href=\"https:\/\/altowatches.com\/en\/service\/\" \/>\n<meta property=\"og:locale\" content=\"en_GB\" \/>\n<meta property=\"og:type\" content=\"article\" \/>\n<meta property=\"og:title\" content=\"ALTO | Service\" \/>\n<meta property=\"og:description\" content=\"ALTO invite \u00e0 explorer le th\u00e8me universel du temps par toutes les formes d\u2019art. Nous croyons que les arts ont une influence majeure sur notre rapport du temps. Nous abordons le th\u00e8me du temps sous un angle artistique unique et singulier.\" \/>\n<meta property=\"og:url\" content=\"https:\/\/altowatches.com\/en\/service\/\" \/>\n<meta property=\"og:site_name\" content=\"ALTO\" \/>\n<meta property=\"article:modified_time\" content=\"2025-11-07T10:28:31+00:00\" \/>\n<meta property=\"og:image\" content=\"https:\/\/altowatches.com\/wp-content\/uploads\/2023\/04\/AALTO_couverture.jpg\" \/>\n\t<meta property=\"og:image:width\" content=\"1200\" \/>\n\t<meta property=\"og:image:height\" content=\"675\" \/>\n\t<meta property=\"og:image:type\" content=\"image\/jpeg\" \/>\n<meta name=\"twitter:card\" content=\"summary_large_image\" \/>\n<meta name=\"twitter:label1\" content=\"Estimated reading time\" \/>\n\t<meta name=\"twitter:data1\" content=\"1 minute\" \/>\n<script type=\"application\/ld+json\" class=\"yoast-schema-graph\">{\"@context\":\"https:\\\/\\\/schema.org\",\"@graph\":[{\"@type\":\"WebPage\",\"@id\":\"https:\\\/\\\/altowatches.com\\\/service\\\/\",\"url\":\"https:\\\/\\\/altowatches.com\\\/service\\\/\",\"name\":\"ALTO | Service\",\"isPartOf\":{\"@id\":\"https:\\\/\\\/altowatches.com\\\/#website\"},\"datePublished\":\"2025-10-30T16:02:30+00:00\",\"dateModified\":\"2025-11-07T10:28:31+00:00\",\"description\":\"ALTO invite \u00e0 explorer le th\u00e8me universel du temps par toutes les formes d\u2019art. Nous croyons que les arts ont une influence majeure sur notre rapport du temps. Nous abordons le th\u00e8me du temps sous un angle artistique unique et singulier.\",\"breadcrumb\":{\"@id\":\"https:\\\/\\\/altowatches.com\\\/service\\\/#breadcrumb\"},\"inLanguage\":\"en-GB\",\"potentialAction\":[{\"@type\":\"ReadAction\",\"target\":[\"https:\\\/\\\/altowatches.com\\\/service\\\/\"]}]},{\"@type\":\"BreadcrumbList\",\"@id\":\"https:\\\/\\\/altowatches.com\\\/service\\\/#breadcrumb\",\"itemListElement\":[{\"@type\":\"ListItem\",\"position\":1,\"name\":\"Accueil\",\"item\":\"https:\\\/\\\/altowatches.com\\\/\"},{\"@type\":\"ListItem\",\"position\":2,\"name\":\"Service\"}]},{\"@type\":\"WebSite\",\"@id\":\"https:\\\/\\\/altowatches.com\\\/#website\",\"url\":\"https:\\\/\\\/altowatches.com\\\/\",\"name\":\"ALTO Watches\",\"description\":\"ART DRIVEN\",\"publisher\":{\"@id\":\"https:\\\/\\\/altowatches.com\\\/#organization\"},\"alternateName\":\"ALTO\",\"potentialAction\":[{\"@type\":\"SearchAction\",\"target\":{\"@type\":\"EntryPoint\",\"urlTemplate\":\"https:\\\/\\\/altowatches.com\\\/?s={search_term_string}\"},\"query-input\":{\"@type\":\"PropertyValueSpecification\",\"valueRequired\":true,\"valueName\":\"search_term_string\"}}],\"inLanguage\":\"en-GB\"},{\"@type\":\"Organization\",\"@id\":\"https:\\\/\\\/altowatches.com\\\/#organization\",\"name\":\"Arts Limited Time Objects\",\"alternateName\":\"ALTO\",\"url\":\"https:\\\/\\\/altowatches.com\\\/\",\"logo\":{\"@type\":\"ImageObject\",\"inLanguage\":\"en-GB\",\"@id\":\"https:\\\/\\\/altowatches.com\\\/#\\\/schema\\\/logo\\\/image\\\/\",\"url\":\"https:\\\/\\\/altowatches.com\\\/wp-content\\\/uploads\\\/2023\\\/04\\\/AALTO_favicon.jpg\",\"contentUrl\":\"https:\\\/\\\/altowatches.com\\\/wp-content\\\/uploads\\\/2023\\\/04\\\/AALTO_favicon.jpg\",\"width\":2000,\"height\":1852,\"caption\":\"Arts Limited Time Objects\"},\"image\":{\"@id\":\"https:\\\/\\\/altowatches.com\\\/#\\\/schema\\\/logo\\\/image\\\/\"},\"sameAs\":[\"https:\\\/\\\/www.instagram.com\\\/aaltowatches\\\/\"]}]}<\/script>\n<!-- \/ Yoast SEO plugin. -->","yoast_head_json":{"title":"ALTO | Service","description":"ALTO invite \u00e0 explorer le th\u00e8me universel du temps par toutes les formes d\u2019art. Nous croyons que les arts ont une influence majeure sur notre rapport du temps. Nous abordons le th\u00e8me du temps sous un angle artistique unique et singulier.","robots":{"index":"index","follow":"follow","max-snippet":"max-snippet:-1","max-image-preview":"max-image-preview:large","max-video-preview":"max-video-preview:-1"},"canonical":"https:\/\/altowatches.com\/en\/service\/","og_locale":"en_GB","og_type":"article","og_title":"ALTO | Service","og_description":"ALTO invite \u00e0 explorer le th\u00e8me universel du temps par toutes les formes d\u2019art. Nous croyons que les arts ont une influence majeure sur notre rapport du temps. Nous abordons le th\u00e8me du temps sous un angle artistique unique et singulier.","og_url":"https:\/\/altowatches.com\/en\/service\/","og_site_name":"ALTO","article_modified_time":"2025-11-07T10:28:31+00:00","og_image":[{"width":1200,"height":675,"url":"https:\/\/altowatches.com\/wp-content\/uploads\/2023\/04\/AALTO_couverture.jpg","type":"image\/jpeg"}],"twitter_card":"summary_large_image","twitter_misc":{"Estimated reading time":"1 minute"},"schema":{"@context":"https:\/\/schema.org","@graph":[{"@type":"WebPage","@id":"https:\/\/altowatches.com\/service\/","url":"https:\/\/altowatches.com\/service\/","name":"ALTO | Service","isPartOf":{"@id":"https:\/\/altowatches.com\/#website"},"datePublished":"2025-10-30T16:02:30+00:00","dateModified":"2025-11-07T10:28:31+00:00","description":"ALTO invite \u00e0 explorer le th\u00e8me universel du temps par toutes les formes d\u2019art. Nous croyons que les arts ont une influence majeure sur notre rapport du temps. Nous abordons le th\u00e8me du temps sous un angle artistique unique et singulier.","breadcrumb":{"@id":"https:\/\/altowatches.com\/service\/#breadcrumb"},"inLanguage":"en-GB","potentialAction":[{"@type":"ReadAction","target":["https:\/\/altowatches.com\/service\/"]}]},{"@type":"BreadcrumbList","@id":"https:\/\/altowatches.com\/service\/#breadcrumb","itemListElement":[{"@type":"ListItem","position":1,"name":"Accueil","item":"https:\/\/altowatches.com\/"},{"@type":"ListItem","position":2,"name":"Service"}]},{"@type":"WebSite","@id":"https:\/\/altowatches.com\/#website","url":"https:\/\/altowatches.com\/","name":"ALTO Watches","description":"ART DRIVEN","publisher":{"@id":"https:\/\/altowatches.com\/#organization"},"alternateName":"ALTO","potentialAction":[{"@type":"SearchAction","target":{"@type":"EntryPoint","urlTemplate":"https:\/\/altowatches.com\/?s={search_term_string}"},"query-input":{"@type":"PropertyValueSpecification","valueRequired":true,"valueName":"search_term_string"}}],"inLanguage":"en-GB"},{"@type":"Organization","@id":"https:\/\/altowatches.com\/#organization","name":"Arts Limited Time Objects","alternateName":"ALTO","url":"https:\/\/altowatches.com\/","logo":{"@type":"ImageObject","inLanguage":"en-GB","@id":"https:\/\/altowatches.com\/#\/schema\/logo\/image\/","url":"https:\/\/altowatches.com\/wp-content\/uploads\/2023\/04\/AALTO_favicon.jpg","contentUrl":"https:\/\/altowatches.com\/wp-content\/uploads\/2023\/04\/AALTO_favicon.jpg","width":2000,"height":1852,"caption":"Arts Limited Time Objects"},"image":{"@id":"https:\/\/altowatches.com\/#\/schema\/logo\/image\/"},"sameAs":["https:\/\/www.instagram.com\/aaltowatches\/"]}]}},"_links":{"self":[{"href":"https:\/\/altowatches.com\/en\/wp-json\/wp\/v2\/pages\/2928","targetHints":{"allow":["GET"]}}],"collection":[{"href":"https:\/\/altowatches.com\/en\/wp-json\/wp\/v2\/pages"}],"about":[{"href":"https:\/\/altowatches.com\/en\/wp-json\/wp\/v2\/types\/page"}],"author":[{"embeddable":true,"href":"https:\/\/altowatches.com\/en\/wp-json\/wp\/v2\/users\/1"}],"replies":[{"embeddable":true,"href":"https:\/\/altowatches.com\/en\/wp-json\/wp\/v2\/comments?post=2928"}],"version-history":[{"count":11,"href":"https:\/\/altowatches.com\/en\/wp-json\/wp\/v2\/pages\/2928\/revisions"}],"predecessor-version":[{"id":3242,"href":"https:\/\/altowatches.com\/en\/wp-json\/wp\/v2\/pages\/2928\/revisions\/3242"}],"wp:attachment":[{"href":"https:\/\/altowatches.com\/en\/wp-json\/wp\/v2\/media?parent=2928"}],"curies":[{"name":"wp","href":"https:\/\/api.w.org\/{rel}","templated":true}]}}