{"id":2934,"date":"2025-10-30T17:05:54","date_gmt":"2025-10-30T16:05:54","guid":{"rendered":"https:\/\/altowatches.com\/?page_id=2934"},"modified":"2025-11-07T11:28:57","modified_gmt":"2025-11-07T10:28:57","slug":"evenement","status":"publish","type":"page","link":"https:\/\/altowatches.com\/en\/evenement\/","title":{"rendered":"Event"},"content":{"rendered":"<div data-elementor-type=\"wp-page\" data-elementor-id=\"2934\" class=\"elementor elementor-2934\" data-elementor-post-type=\"page\">\n\t\t\t\t\t\t<section class=\"elementor-section elementor-top-section elementor-element elementor-element-5f262ee4 elementor-section-full_width elementor-section-height-default elementor-section-height-default\" data-id=\"5f262ee4\" data-element_type=\"section\" data-e-type=\"section\">\n\t\t\t\t\t\t<div class=\"elementor-container elementor-column-gap-wider\">\n\t\t\t\t\t<div class=\"elementor-column elementor-col-50 elementor-top-column elementor-element elementor-element-41b16a94\" data-id=\"41b16a94\" data-element_type=\"column\" data-e-type=\"column\">\n\t\t\t<div class=\"elementor-widget-wrap elementor-element-populated\">\n\t\t\t\t\t\t<div class=\"elementor-element elementor-element-1a3730ad elementor-position-top elementor-position-top elementor-widget elementor-widget-image-box\" data-id=\"1a3730ad\" data-element_type=\"widget\" data-e-type=\"widget\" data-widget_type=\"image-box.default\">\n\t\t\t\t\t<div class=\"elementor-image-box-wrapper\"><figure class=\"elementor-image-box-img\"><a href=\"https:\/\/altowatches.com\/en\/evenements\/alto-x-in-cadaques\/\" tabindex=\"-1\"><img fetchpriority=\"high\" decoding=\"async\" width=\"1600\" height=\"1052\" src=\"https:\/\/altowatches.com\/wp-content\/uploads\/2025\/02\/photo-website.jpg\" class=\"attachment-full size-full wp-image-2272\" alt=\"\" srcset=\"https:\/\/altowatches.com\/wp-content\/uploads\/2025\/02\/photo-website.jpg 1600w, https:\/\/altowatches.com\/wp-content\/uploads\/2025\/02\/photo-website-300x197.jpg 300w, https:\/\/altowatches.com\/wp-content\/uploads\/2025\/02\/photo-website-1024x673.jpg 1024w, https:\/\/altowatches.com\/wp-content\/uploads\/2025\/02\/photo-website-768x505.jpg 768w, https:\/\/altowatches.com\/wp-content\/uploads\/2025\/02\/photo-website-1536x1010.jpg 1536w, https:\/\/altowatches.com\/wp-content\/uploads\/2025\/02\/photo-website-18x12.jpg 18w\" sizes=\"(max-width: 1600px) 100vw, 1600px\" \/><\/a><\/figure><div class=\"elementor-image-box-content\"><h3 class=\"elementor-image-box-title\"><a href=\"https:\/\/altowatches.com\/en\/evenements\/alto-x-in-cadaques\/\">ALTO X IN CADAQU\u00c9S<\/a><\/h3><p class=\"elementor-image-box-description\">Through this collaboration, Alto reaffirms its unwavering support for contemporary art, particularly in the field of photographic expression. Alto is honored to support the innovative initiative, The Anonymous Project, conceived by renowned photographers Martin Parr and Lee Shulman.<\/p><\/div><\/div>\t\t\t\t<\/div>\n\t\t\t\t\t<\/div>\n\t\t<\/div>\n\t\t\t\t<div class=\"elementor-column elementor-col-50 elementor-top-column elementor-element elementor-element-39a28bf7\" data-id=\"39a28bf7\" data-element_type=\"column\" data-e-type=\"column\">\n\t\t\t<div class=\"elementor-widget-wrap elementor-element-populated\">\n\t\t\t\t\t\t<div class=\"elementor-element elementor-element-19e65714 elementor-position-top elementor-widget elementor-widget-image-box\" data-id=\"19e65714\" data-element_type=\"widget\" data-e-type=\"widget\" data-widget_type=\"image-box.default\">\n\t\t\t\t\t<div class=\"elementor-image-box-wrapper\"><figure class=\"elementor-image-box-img\"><a href=\"https:\/\/altowatches.com\/en\/evenements\/soiree-de-lancement\/\" tabindex=\"-1\"><img decoding=\"async\" src=\"https:\/\/altowatches.com\/wp-content\/uploads\/elementor\/thumbs\/soiree-lancement-alto-r15cqswgfoc0abhmpwrmlvr7ndpamdyf4ozwmzjk5e.png\" title=\"soiree-lancement-alto\" alt=\"soiree-lancement-alto\" loading=\"lazy\" \/><\/a><\/figure><div class=\"elementor-image-box-content\"><h3 class=\"elementor-image-box-title\"><a href=\"https:\/\/altowatches.com\/en\/evenements\/soiree-de-lancement\/\">LAUNCH NIGHT<\/a><\/h3><p class=\"elementor-image-box-description\">On April 29, 2024, French watchmaking welcomed a new ambitious player with the launch of the ALTO brand, created by Thibaud Guittard. This art and design enthusiast drew from his background and diverse influences to create a unique watch.<\/p><\/div><\/div>\t\t\t\t<\/div>\n\t\t\t\t\t<\/div>\n\t\t<\/div>\n\t\t\t\t\t<\/div>\n\t\t<\/section>\n\t\t\t\t<\/div>","protected":false},"excerpt":{"rendered":"<p>ALTO X IN CADAQU\u00c9S \u00c0 travers cette collaboration, Alto r\u00e9affirme son soutien ind\u00e9fectible \u00e0 l\u2019art contemporain, en particulier dans le domaine de l\u2019expression photographique. Alto est honor\u00e9 d\u2019apporter son soutien \u00e0 l\u2019initiative novatrice The Anonymous Project, imagin\u00e9e par les photographes de renom Martin Parr et Lee Shulman. SOIR\u00c9E DE LANCEMENT Le 29 avril 2024, l\u2019horlogerie [&hellip;]<\/p>\n","protected":false},"author":1,"featured_media":0,"parent":0,"menu_order":0,"comment_status":"closed","ping_status":"closed","template":"","meta":{"footnotes":""},"class_list":["post-2934","page","type-page","status-publish","hentry"],"yoast_head":"<!-- This site is optimized with the Yoast SEO plugin v27.4 - https:\/\/yoast.com\/product\/yoast-seo-wordpress\/ -->\n<title>ALTO | Evenement<\/title>\n<meta name=\"description\" content=\"ALTO invite \u00e0 explorer le th\u00e8me universel du temps par toutes les formes d\u2019art. Nous croyons que les arts ont une influence majeure sur notre rapport du temps. Nous abordons le th\u00e8me du temps sous un angle artistique unique et singulier.\" \/>\n<meta name=\"robots\" content=\"index, follow, max-snippet:-1, max-image-preview:large, max-video-preview:-1\" \/>\n<link rel=\"canonical\" href=\"https:\/\/altowatches.com\/en\/evenement\/\" \/>\n<meta property=\"og:locale\" content=\"en_GB\" \/>\n<meta property=\"og:type\" content=\"article\" \/>\n<meta property=\"og:title\" content=\"ALTO | Evenement\" \/>\n<meta property=\"og:description\" content=\"ALTO invite \u00e0 explorer le th\u00e8me universel du temps par toutes les formes d\u2019art. Nous croyons que les arts ont une influence majeure sur notre rapport du temps. Nous abordons le th\u00e8me du temps sous un angle artistique unique et singulier.\" \/>\n<meta property=\"og:url\" content=\"https:\/\/altowatches.com\/en\/evenement\/\" \/>\n<meta property=\"og:site_name\" content=\"ALTO\" \/>\n<meta property=\"article:modified_time\" content=\"2025-11-07T10:28:57+00:00\" \/>\n<meta property=\"og:image\" content=\"https:\/\/altowatches.com\/wp-content\/uploads\/2025\/02\/photo-website.jpg\" \/>\n\t<meta property=\"og:image:width\" content=\"1600\" \/>\n\t<meta property=\"og:image:height\" content=\"1052\" \/>\n\t<meta property=\"og:image:type\" content=\"image\/jpeg\" \/>\n<meta name=\"twitter:card\" content=\"summary_large_image\" \/>\n<meta name=\"twitter:label1\" content=\"Estimated reading time\" \/>\n\t<meta name=\"twitter:data1\" content=\"1 minute\" \/>\n<script type=\"application\/ld+json\" class=\"yoast-schema-graph\">{\"@context\":\"https:\\\/\\\/schema.org\",\"@graph\":[{\"@type\":\"WebPage\",\"@id\":\"https:\\\/\\\/altowatches.com\\\/evenement\\\/\",\"url\":\"https:\\\/\\\/altowatches.com\\\/evenement\\\/\",\"name\":\"ALTO | Evenement\",\"isPartOf\":{\"@id\":\"https:\\\/\\\/altowatches.com\\\/#website\"},\"primaryImageOfPage\":{\"@id\":\"https:\\\/\\\/altowatches.com\\\/evenement\\\/#primaryimage\"},\"image\":{\"@id\":\"https:\\\/\\\/altowatches.com\\\/evenement\\\/#primaryimage\"},\"thumbnailUrl\":\"https:\\\/\\\/altowatches.com\\\/wp-content\\\/uploads\\\/2025\\\/02\\\/photo-website.jpg\",\"datePublished\":\"2025-10-30T16:05:54+00:00\",\"dateModified\":\"2025-11-07T10:28:57+00:00\",\"description\":\"ALTO invite \u00e0 explorer le th\u00e8me universel du temps par toutes les formes d\u2019art. Nous croyons que les arts ont une influence majeure sur notre rapport du temps. Nous abordons le th\u00e8me du temps sous un angle artistique unique et singulier.\",\"breadcrumb\":{\"@id\":\"https:\\\/\\\/altowatches.com\\\/evenement\\\/#breadcrumb\"},\"inLanguage\":\"en-GB\",\"potentialAction\":[{\"@type\":\"ReadAction\",\"target\":[\"https:\\\/\\\/altowatches.com\\\/evenement\\\/\"]}]},{\"@type\":\"ImageObject\",\"inLanguage\":\"en-GB\",\"@id\":\"https:\\\/\\\/altowatches.com\\\/evenement\\\/#primaryimage\",\"url\":\"https:\\\/\\\/altowatches.com\\\/wp-content\\\/uploads\\\/2025\\\/02\\\/photo-website.jpg\",\"contentUrl\":\"https:\\\/\\\/altowatches.com\\\/wp-content\\\/uploads\\\/2025\\\/02\\\/photo-website.jpg\"},{\"@type\":\"BreadcrumbList\",\"@id\":\"https:\\\/\\\/altowatches.com\\\/evenement\\\/#breadcrumb\",\"itemListElement\":[{\"@type\":\"ListItem\",\"position\":1,\"name\":\"Accueil\",\"item\":\"https:\\\/\\\/altowatches.com\\\/\"},{\"@type\":\"ListItem\",\"position\":2,\"name\":\"Evenement\"}]},{\"@type\":\"WebSite\",\"@id\":\"https:\\\/\\\/altowatches.com\\\/#website\",\"url\":\"https:\\\/\\\/altowatches.com\\\/\",\"name\":\"ALTO Watches\",\"description\":\"ART DRIVEN\",\"publisher\":{\"@id\":\"https:\\\/\\\/altowatches.com\\\/#organization\"},\"alternateName\":\"ALTO\",\"potentialAction\":[{\"@type\":\"SearchAction\",\"target\":{\"@type\":\"EntryPoint\",\"urlTemplate\":\"https:\\\/\\\/altowatches.com\\\/?s={search_term_string}\"},\"query-input\":{\"@type\":\"PropertyValueSpecification\",\"valueRequired\":true,\"valueName\":\"search_term_string\"}}],\"inLanguage\":\"en-GB\"},{\"@type\":\"Organization\",\"@id\":\"https:\\\/\\\/altowatches.com\\\/#organization\",\"name\":\"Arts Limited Time Objects\",\"alternateName\":\"ALTO\",\"url\":\"https:\\\/\\\/altowatches.com\\\/\",\"logo\":{\"@type\":\"ImageObject\",\"inLanguage\":\"en-GB\",\"@id\":\"https:\\\/\\\/altowatches.com\\\/#\\\/schema\\\/logo\\\/image\\\/\",\"url\":\"https:\\\/\\\/altowatches.com\\\/wp-content\\\/uploads\\\/2023\\\/04\\\/AALTO_favicon.jpg\",\"contentUrl\":\"https:\\\/\\\/altowatches.com\\\/wp-content\\\/uploads\\\/2023\\\/04\\\/AALTO_favicon.jpg\",\"width\":2000,\"height\":1852,\"caption\":\"Arts Limited Time Objects\"},\"image\":{\"@id\":\"https:\\\/\\\/altowatches.com\\\/#\\\/schema\\\/logo\\\/image\\\/\"},\"sameAs\":[\"https:\\\/\\\/www.instagram.com\\\/aaltowatches\\\/\"]}]}<\/script>\n<!-- \/ Yoast SEO plugin. -->","yoast_head_json":{"title":"ALTO | Evenement","description":"ALTO invite \u00e0 explorer le th\u00e8me universel du temps par toutes les formes d\u2019art. Nous croyons que les arts ont une influence majeure sur notre rapport du temps. Nous abordons le th\u00e8me du temps sous un angle artistique unique et singulier.","robots":{"index":"index","follow":"follow","max-snippet":"max-snippet:-1","max-image-preview":"max-image-preview:large","max-video-preview":"max-video-preview:-1"},"canonical":"https:\/\/altowatches.com\/en\/evenement\/","og_locale":"en_GB","og_type":"article","og_title":"ALTO | Evenement","og_description":"ALTO invite \u00e0 explorer le th\u00e8me universel du temps par toutes les formes d\u2019art. Nous croyons que les arts ont une influence majeure sur notre rapport du temps. Nous abordons le th\u00e8me du temps sous un angle artistique unique et singulier.","og_url":"https:\/\/altowatches.com\/en\/evenement\/","og_site_name":"ALTO","article_modified_time":"2025-11-07T10:28:57+00:00","og_image":[{"width":1600,"height":1052,"url":"https:\/\/altowatches.com\/wp-content\/uploads\/2025\/02\/photo-website.jpg","type":"image\/jpeg"}],"twitter_card":"summary_large_image","twitter_misc":{"Estimated reading time":"1 minute"},"schema":{"@context":"https:\/\/schema.org","@graph":[{"@type":"WebPage","@id":"https:\/\/altowatches.com\/evenement\/","url":"https:\/\/altowatches.com\/evenement\/","name":"ALTO | Evenement","isPartOf":{"@id":"https:\/\/altowatches.com\/#website"},"primaryImageOfPage":{"@id":"https:\/\/altowatches.com\/evenement\/#primaryimage"},"image":{"@id":"https:\/\/altowatches.com\/evenement\/#primaryimage"},"thumbnailUrl":"https:\/\/altowatches.com\/wp-content\/uploads\/2025\/02\/photo-website.jpg","datePublished":"2025-10-30T16:05:54+00:00","dateModified":"2025-11-07T10:28:57+00:00","description":"ALTO invite \u00e0 explorer le th\u00e8me universel du temps par toutes les formes d\u2019art. Nous croyons que les arts ont une influence majeure sur notre rapport du temps. Nous abordons le th\u00e8me du temps sous un angle artistique unique et singulier.","breadcrumb":{"@id":"https:\/\/altowatches.com\/evenement\/#breadcrumb"},"inLanguage":"en-GB","potentialAction":[{"@type":"ReadAction","target":["https:\/\/altowatches.com\/evenement\/"]}]},{"@type":"ImageObject","inLanguage":"en-GB","@id":"https:\/\/altowatches.com\/evenement\/#primaryimage","url":"https:\/\/altowatches.com\/wp-content\/uploads\/2025\/02\/photo-website.jpg","contentUrl":"https:\/\/altowatches.com\/wp-content\/uploads\/2025\/02\/photo-website.jpg"},{"@type":"BreadcrumbList","@id":"https:\/\/altowatches.com\/evenement\/#breadcrumb","itemListElement":[{"@type":"ListItem","position":1,"name":"Accueil","item":"https:\/\/altowatches.com\/"},{"@type":"ListItem","position":2,"name":"Evenement"}]},{"@type":"WebSite","@id":"https:\/\/altowatches.com\/#website","url":"https:\/\/altowatches.com\/","name":"ALTO Watches","description":"ART DRIVEN","publisher":{"@id":"https:\/\/altowatches.com\/#organization"},"alternateName":"ALTO","potentialAction":[{"@type":"SearchAction","target":{"@type":"EntryPoint","urlTemplate":"https:\/\/altowatches.com\/?s={search_term_string}"},"query-input":{"@type":"PropertyValueSpecification","valueRequired":true,"valueName":"search_term_string"}}],"inLanguage":"en-GB"},{"@type":"Organization","@id":"https:\/\/altowatches.com\/#organization","name":"Arts Limited Time Objects","alternateName":"ALTO","url":"https:\/\/altowatches.com\/","logo":{"@type":"ImageObject","inLanguage":"en-GB","@id":"https:\/\/altowatches.com\/#\/schema\/logo\/image\/","url":"https:\/\/altowatches.com\/wp-content\/uploads\/2023\/04\/AALTO_favicon.jpg","contentUrl":"https:\/\/altowatches.com\/wp-content\/uploads\/2023\/04\/AALTO_favicon.jpg","width":2000,"height":1852,"caption":"Arts Limited Time Objects"},"image":{"@id":"https:\/\/altowatches.com\/#\/schema\/logo\/image\/"},"sameAs":["https:\/\/www.instagram.com\/aaltowatches\/"]}]}},"_links":{"self":[{"href":"https:\/\/altowatches.com\/en\/wp-json\/wp\/v2\/pages\/2934","targetHints":{"allow":["GET"]}}],"collection":[{"href":"https:\/\/altowatches.com\/en\/wp-json\/wp\/v2\/pages"}],"about":[{"href":"https:\/\/altowatches.com\/en\/wp-json\/wp\/v2\/types\/page"}],"author":[{"embeddable":true,"href":"https:\/\/altowatches.com\/en\/wp-json\/wp\/v2\/users\/1"}],"replies":[{"embeddable":true,"href":"https:\/\/altowatches.com\/en\/wp-json\/wp\/v2\/comments?post=2934"}],"version-history":[{"count":11,"href":"https:\/\/altowatches.com\/en\/wp-json\/wp\/v2\/pages\/2934\/revisions"}],"predecessor-version":[{"id":3246,"href":"https:\/\/altowatches.com\/en\/wp-json\/wp\/v2\/pages\/2934\/revisions\/3246"}],"wp:attachment":[{"href":"https:\/\/altowatches.com\/en\/wp-json\/wp\/v2\/media?parent=2934"}],"curies":[{"name":"wp","href":"https:\/\/api.w.org\/{rel}","templated":true}]}}