{"id":3,"date":"2023-04-27T07:50:28","date_gmt":"2023-04-27T05:50:28","guid":{"rendered":"https:\/\/altowatches.com\/?page_id=3"},"modified":"2025-11-07T11:37:44","modified_gmt":"2025-11-07T10:37:44","slug":"politique-de-confidentialite","status":"publish","type":"page","link":"https:\/\/altowatches.com\/en\/politique-de-confidentialite\/","title":{"rendered":"Privacy policy"},"content":{"rendered":"<div data-elementor-type=\"wp-page\" data-elementor-id=\"3\" class=\"elementor elementor-3\" data-elementor-post-type=\"page\">\n\t\t\t\t\t\t<section class=\"elementor-section elementor-top-section elementor-element elementor-element-25c08e90 elementor-section-boxed elementor-section-height-default elementor-section-height-default\" data-id=\"25c08e90\" data-element_type=\"section\" data-e-type=\"section\">\n\t\t\t\t\t\t<div class=\"elementor-container elementor-column-gap-default\">\n\t\t\t\t\t<div class=\"elementor-column elementor-col-100 elementor-top-column elementor-element elementor-element-46c9fb2c\" data-id=\"46c9fb2c\" data-element_type=\"column\" data-e-type=\"column\">\n\t\t\t<div class=\"elementor-widget-wrap elementor-element-populated\">\n\t\t\t\t\t\t<div class=\"elementor-element elementor-element-c9c6ea7 elementor-widget elementor-widget-heading\" data-id=\"c9c6ea7\" data-element_type=\"widget\" data-e-type=\"widget\" data-widget_type=\"heading.default\">\n\t\t\t\t\t<h2 class=\"elementor-heading-title elementor-size-default\">PRIVACY POLICY<\/h2>\t\t\t\t<\/div>\n\t\t\t\t<div class=\"elementor-element elementor-element-44063df4 elementor-widget elementor-widget-text-editor\" data-id=\"44063df4\" data-element_type=\"widget\" data-e-type=\"widget\" data-widget_type=\"text-editor.default\">\n\t\t\t\t\t\t\t\t\t<p class=\"translation-block\">The personal information collected (first name, last name, email address, and phone number) is necessary to respond to inquiries submitted via the contact form and to fulfill those requests. The legal basis for processing is ALTO\u2019s legitimate interest in providing the requested assistance. The data is collected by ALTO, which is the data controller. It will be retained for the duration of the processing of your request, plus an additional two years for data with administrative value, under restricted access. The recipients of the data are the relevant department responsible for responding to your inquiry and the company\u2019s sales manager. No data is transferred outside the European Union.\n\nIn accordance with legal and regulatory provisions, particularly Regulation (EU) 2016\/679 of 27 April 2016 (General Data Protection Regulation \u2013 GDPR), the data subject has the right to access, rectify, object to, restrict, or erase their personal data, within the limits of legal requirements. These rights can be exercised by email at: contact@altowatches.com or by post at: ALTO, GDPR Department, 53 avenue Montaigne, 75008 Paris, France.<\/p><p>If, after contacting us, you believe that your data protection rights are not being respected, you may lodge a complaint with the CNIL (French Data Protection Authority).<\/p>\t\t\t\t\t\t\t\t<\/div>\n\t\t\t\t\t<\/div>\n\t\t<\/div>\n\t\t\t\t\t<\/div>\n\t\t<\/section>\n\t\t\t\t<\/div>","protected":false},"excerpt":{"rendered":"<p>POLITIQUE DE CONFIDENTIALIT\u00c9 Les informations personnelles collect\u00e9es (nom, pr\u00e9nom, adresse email et num\u00e9ro de t\u00e9l\u00e9phone) sont n\u00e9cessaires pour r\u00e9pondre aux demandes de renseignements laiss\u00e9es dans le formulaire de contact et satisfaire \u00e0 celles-ci. La base l\u00e9gale est l\u2019int\u00e9r\u00eat l\u00e9gitime de la soci\u00e9t\u00e9 ALTO d\u2019offrir l\u2019assistance requise. Elles sont collect\u00e9es par la soci\u00e9t\u00e9 ALTO, responsable de [&hellip;]<\/p>\n","protected":false},"author":1,"featured_media":13,"parent":0,"menu_order":9,"comment_status":"closed","ping_status":"closed","template":"","meta":{"footnotes":""},"class_list":["post-3","page","type-page","status-publish","has-post-thumbnail","hentry"],"yoast_head":"<!-- This site is optimized with the Yoast SEO plugin v27.3 - https:\/\/yoast.com\/product\/yoast-seo-wordpress\/ -->\n<title>ALTO | Politique de confidentialit\u00e9<\/title>\n<meta name=\"description\" content=\"ALTO invite \u00e0 explorer le th\u00e8me universel du temps par toutes les formes d\u2019art. Nous croyons que les arts ont une influence majeure sur notre rapport du temps. Nous abordons le th\u00e8me du temps sous un angle artistique unique et singulier.\" \/>\n<meta name=\"robots\" content=\"index, follow, max-snippet:-1, max-image-preview:large, max-video-preview:-1\" \/>\n<link rel=\"canonical\" href=\"https:\/\/altowatches.com\/en\/politique-de-confidentialite\/\" \/>\n<meta property=\"og:locale\" content=\"en_GB\" \/>\n<meta property=\"og:type\" content=\"article\" \/>\n<meta property=\"og:title\" content=\"ALTO | Politique de confidentialit\u00e9\" \/>\n<meta property=\"og:description\" content=\"ALTO invite \u00e0 explorer le th\u00e8me universel du temps par toutes les formes d\u2019art. Nous croyons que les arts ont une influence majeure sur notre rapport du temps. Nous abordons le th\u00e8me du temps sous un angle artistique unique et singulier.\" \/>\n<meta property=\"og:url\" content=\"https:\/\/altowatches.com\/en\/politique-de-confidentialite\/\" \/>\n<meta property=\"og:site_name\" content=\"ALTO\" \/>\n<meta property=\"article:modified_time\" content=\"2025-11-07T10:37:44+00:00\" \/>\n<meta property=\"og:image\" content=\"https:\/\/altowatches.com\/wp-content\/uploads\/2023\/04\/AALTO_favicon.jpg\" \/>\n\t<meta property=\"og:image:width\" content=\"2000\" \/>\n\t<meta property=\"og:image:height\" content=\"1852\" \/>\n\t<meta property=\"og:image:type\" content=\"image\/jpeg\" \/>\n<meta name=\"twitter:card\" content=\"summary_large_image\" \/>\n<meta name=\"twitter:label1\" content=\"Estimated reading time\" \/>\n\t<meta name=\"twitter:data1\" content=\"2 minutes\" \/>\n<script type=\"application\/ld+json\" class=\"yoast-schema-graph\">{\"@context\":\"https:\\\/\\\/schema.org\",\"@graph\":[{\"@type\":\"WebPage\",\"@id\":\"https:\\\/\\\/altowatches.com\\\/politique-de-confidentialite\\\/\",\"url\":\"https:\\\/\\\/altowatches.com\\\/politique-de-confidentialite\\\/\",\"name\":\"ALTO | Politique de confidentialit\u00e9\",\"isPartOf\":{\"@id\":\"https:\\\/\\\/altowatches.com\\\/#website\"},\"primaryImageOfPage\":{\"@id\":\"https:\\\/\\\/altowatches.com\\\/politique-de-confidentialite\\\/#primaryimage\"},\"image\":{\"@id\":\"https:\\\/\\\/altowatches.com\\\/politique-de-confidentialite\\\/#primaryimage\"},\"thumbnailUrl\":\"https:\\\/\\\/altowatches.com\\\/wp-content\\\/uploads\\\/2023\\\/04\\\/AALTO_favicon.jpg\",\"datePublished\":\"2023-04-27T05:50:28+00:00\",\"dateModified\":\"2025-11-07T10:37:44+00:00\",\"description\":\"ALTO invite \u00e0 explorer le th\u00e8me universel du temps par toutes les formes d\u2019art. Nous croyons que les arts ont une influence majeure sur notre rapport du temps. Nous abordons le th\u00e8me du temps sous un angle artistique unique et singulier.\",\"breadcrumb\":{\"@id\":\"https:\\\/\\\/altowatches.com\\\/politique-de-confidentialite\\\/#breadcrumb\"},\"inLanguage\":\"en-GB\",\"potentialAction\":[{\"@type\":\"ReadAction\",\"target\":[\"https:\\\/\\\/altowatches.com\\\/politique-de-confidentialite\\\/\"]}]},{\"@type\":\"ImageObject\",\"inLanguage\":\"en-GB\",\"@id\":\"https:\\\/\\\/altowatches.com\\\/politique-de-confidentialite\\\/#primaryimage\",\"url\":\"https:\\\/\\\/altowatches.com\\\/wp-content\\\/uploads\\\/2023\\\/04\\\/AALTO_favicon.jpg\",\"contentUrl\":\"https:\\\/\\\/altowatches.com\\\/wp-content\\\/uploads\\\/2023\\\/04\\\/AALTO_favicon.jpg\",\"width\":2000,\"height\":1852},{\"@type\":\"BreadcrumbList\",\"@id\":\"https:\\\/\\\/altowatches.com\\\/politique-de-confidentialite\\\/#breadcrumb\",\"itemListElement\":[{\"@type\":\"ListItem\",\"position\":1,\"name\":\"Accueil\",\"item\":\"https:\\\/\\\/altowatches.com\\\/\"},{\"@type\":\"ListItem\",\"position\":2,\"name\":\"Politique de confidentialit\u00e9\"}]},{\"@type\":\"WebSite\",\"@id\":\"https:\\\/\\\/altowatches.com\\\/#website\",\"url\":\"https:\\\/\\\/altowatches.com\\\/\",\"name\":\"ALTO Watches\",\"description\":\"ART DRIVEN\",\"publisher\":{\"@id\":\"https:\\\/\\\/altowatches.com\\\/#organization\"},\"alternateName\":\"ALTO\",\"potentialAction\":[{\"@type\":\"SearchAction\",\"target\":{\"@type\":\"EntryPoint\",\"urlTemplate\":\"https:\\\/\\\/altowatches.com\\\/?s={search_term_string}\"},\"query-input\":{\"@type\":\"PropertyValueSpecification\",\"valueRequired\":true,\"valueName\":\"search_term_string\"}}],\"inLanguage\":\"en-GB\"},{\"@type\":\"Organization\",\"@id\":\"https:\\\/\\\/altowatches.com\\\/#organization\",\"name\":\"Arts Limited Time Objects\",\"alternateName\":\"ALTO\",\"url\":\"https:\\\/\\\/altowatches.com\\\/\",\"logo\":{\"@type\":\"ImageObject\",\"inLanguage\":\"en-GB\",\"@id\":\"https:\\\/\\\/altowatches.com\\\/#\\\/schema\\\/logo\\\/image\\\/\",\"url\":\"https:\\\/\\\/altowatches.com\\\/wp-content\\\/uploads\\\/2023\\\/04\\\/AALTO_favicon.jpg\",\"contentUrl\":\"https:\\\/\\\/altowatches.com\\\/wp-content\\\/uploads\\\/2023\\\/04\\\/AALTO_favicon.jpg\",\"width\":2000,\"height\":1852,\"caption\":\"Arts Limited Time Objects\"},\"image\":{\"@id\":\"https:\\\/\\\/altowatches.com\\\/#\\\/schema\\\/logo\\\/image\\\/\"},\"sameAs\":[\"https:\\\/\\\/www.instagram.com\\\/aaltowatches\\\/\"]}]}<\/script>\n<!-- \/ Yoast SEO plugin. -->","yoast_head_json":{"title":"ALTO | Politique de confidentialit\u00e9","description":"ALTO invite \u00e0 explorer le th\u00e8me universel du temps par toutes les formes d\u2019art. Nous croyons que les arts ont une influence majeure sur notre rapport du temps. Nous abordons le th\u00e8me du temps sous un angle artistique unique et singulier.","robots":{"index":"index","follow":"follow","max-snippet":"max-snippet:-1","max-image-preview":"max-image-preview:large","max-video-preview":"max-video-preview:-1"},"canonical":"https:\/\/altowatches.com\/en\/politique-de-confidentialite\/","og_locale":"en_GB","og_type":"article","og_title":"ALTO | Politique de confidentialit\u00e9","og_description":"ALTO invite \u00e0 explorer le th\u00e8me universel du temps par toutes les formes d\u2019art. Nous croyons que les arts ont une influence majeure sur notre rapport du temps. Nous abordons le th\u00e8me du temps sous un angle artistique unique et singulier.","og_url":"https:\/\/altowatches.com\/en\/politique-de-confidentialite\/","og_site_name":"ALTO","article_modified_time":"2025-11-07T10:37:44+00:00","og_image":[{"width":2000,"height":1852,"url":"https:\/\/altowatches.com\/wp-content\/uploads\/2023\/04\/AALTO_favicon.jpg","type":"image\/jpeg"}],"twitter_card":"summary_large_image","twitter_misc":{"Estimated reading time":"2 minutes"},"schema":{"@context":"https:\/\/schema.org","@graph":[{"@type":"WebPage","@id":"https:\/\/altowatches.com\/politique-de-confidentialite\/","url":"https:\/\/altowatches.com\/politique-de-confidentialite\/","name":"ALTO | Politique de confidentialit\u00e9","isPartOf":{"@id":"https:\/\/altowatches.com\/#website"},"primaryImageOfPage":{"@id":"https:\/\/altowatches.com\/politique-de-confidentialite\/#primaryimage"},"image":{"@id":"https:\/\/altowatches.com\/politique-de-confidentialite\/#primaryimage"},"thumbnailUrl":"https:\/\/altowatches.com\/wp-content\/uploads\/2023\/04\/AALTO_favicon.jpg","datePublished":"2023-04-27T05:50:28+00:00","dateModified":"2025-11-07T10:37:44+00:00","description":"ALTO invite \u00e0 explorer le th\u00e8me universel du temps par toutes les formes d\u2019art. Nous croyons que les arts ont une influence majeure sur notre rapport du temps. Nous abordons le th\u00e8me du temps sous un angle artistique unique et singulier.","breadcrumb":{"@id":"https:\/\/altowatches.com\/politique-de-confidentialite\/#breadcrumb"},"inLanguage":"en-GB","potentialAction":[{"@type":"ReadAction","target":["https:\/\/altowatches.com\/politique-de-confidentialite\/"]}]},{"@type":"ImageObject","inLanguage":"en-GB","@id":"https:\/\/altowatches.com\/politique-de-confidentialite\/#primaryimage","url":"https:\/\/altowatches.com\/wp-content\/uploads\/2023\/04\/AALTO_favicon.jpg","contentUrl":"https:\/\/altowatches.com\/wp-content\/uploads\/2023\/04\/AALTO_favicon.jpg","width":2000,"height":1852},{"@type":"BreadcrumbList","@id":"https:\/\/altowatches.com\/politique-de-confidentialite\/#breadcrumb","itemListElement":[{"@type":"ListItem","position":1,"name":"Accueil","item":"https:\/\/altowatches.com\/"},{"@type":"ListItem","position":2,"name":"Politique de confidentialit\u00e9"}]},{"@type":"WebSite","@id":"https:\/\/altowatches.com\/#website","url":"https:\/\/altowatches.com\/","name":"ALTO Watches","description":"ART DRIVEN","publisher":{"@id":"https:\/\/altowatches.com\/#organization"},"alternateName":"ALTO","potentialAction":[{"@type":"SearchAction","target":{"@type":"EntryPoint","urlTemplate":"https:\/\/altowatches.com\/?s={search_term_string}"},"query-input":{"@type":"PropertyValueSpecification","valueRequired":true,"valueName":"search_term_string"}}],"inLanguage":"en-GB"},{"@type":"Organization","@id":"https:\/\/altowatches.com\/#organization","name":"Arts Limited Time Objects","alternateName":"ALTO","url":"https:\/\/altowatches.com\/","logo":{"@type":"ImageObject","inLanguage":"en-GB","@id":"https:\/\/altowatches.com\/#\/schema\/logo\/image\/","url":"https:\/\/altowatches.com\/wp-content\/uploads\/2023\/04\/AALTO_favicon.jpg","contentUrl":"https:\/\/altowatches.com\/wp-content\/uploads\/2023\/04\/AALTO_favicon.jpg","width":2000,"height":1852,"caption":"Arts Limited Time Objects"},"image":{"@id":"https:\/\/altowatches.com\/#\/schema\/logo\/image\/"},"sameAs":["https:\/\/www.instagram.com\/aaltowatches\/"]}]}},"_links":{"self":[{"href":"https:\/\/altowatches.com\/en\/wp-json\/wp\/v2\/pages\/3","targetHints":{"allow":["GET"]}}],"collection":[{"href":"https:\/\/altowatches.com\/en\/wp-json\/wp\/v2\/pages"}],"about":[{"href":"https:\/\/altowatches.com\/en\/wp-json\/wp\/v2\/types\/page"}],"author":[{"embeddable":true,"href":"https:\/\/altowatches.com\/en\/wp-json\/wp\/v2\/users\/1"}],"replies":[{"embeddable":true,"href":"https:\/\/altowatches.com\/en\/wp-json\/wp\/v2\/comments?post=3"}],"version-history":[{"count":18,"href":"https:\/\/altowatches.com\/en\/wp-json\/wp\/v2\/pages\/3\/revisions"}],"predecessor-version":[{"id":3258,"href":"https:\/\/altowatches.com\/en\/wp-json\/wp\/v2\/pages\/3\/revisions\/3258"}],"wp:featuredmedia":[{"embeddable":true,"href":"https:\/\/altowatches.com\/en\/wp-json\/wp\/v2\/media\/13"}],"wp:attachment":[{"href":"https:\/\/altowatches.com\/en\/wp-json\/wp\/v2\/media?parent=3"}],"curies":[{"name":"wp","href":"https:\/\/api.w.org\/{rel}","templated":true}]}}