{"id":763,"date":"2023-07-18T08:11:24","date_gmt":"2023-07-18T06:11:24","guid":{"rendered":"https:\/\/altowatches.com\/?page_id=763"},"modified":"2025-11-07T11:36:52","modified_gmt":"2025-11-07T10:36:52","slug":"mentions-legales","status":"publish","type":"page","link":"https:\/\/altowatches.com\/en\/mentions-legales\/","title":{"rendered":"Mentions l\u00e9gales"},"content":{"rendered":"<div data-elementor-type=\"wp-page\" data-elementor-id=\"763\" class=\"elementor elementor-763\" data-elementor-post-type=\"page\">\n\t\t\t\t\t\t<section class=\"elementor-section elementor-top-section elementor-element elementor-element-692f128 elementor-section-boxed elementor-section-height-default elementor-section-height-default\" data-id=\"692f128\" data-element_type=\"section\" data-e-type=\"section\">\n\t\t\t\t\t\t<div class=\"elementor-container elementor-column-gap-default\">\n\t\t\t\t\t<div class=\"elementor-column elementor-col-100 elementor-top-column elementor-element elementor-element-cb093c1\" data-id=\"cb093c1\" data-element_type=\"column\" data-e-type=\"column\">\n\t\t\t<div class=\"elementor-widget-wrap elementor-element-populated\">\n\t\t\t\t\t\t<div class=\"elementor-element elementor-element-3eda942 elementor-widget elementor-widget-heading\" data-id=\"3eda942\" data-element_type=\"widget\" data-e-type=\"widget\" data-widget_type=\"heading.default\">\n\t\t\t\t\t<h2 class=\"elementor-heading-title elementor-size-default\">LEGAL NOTICE<\/h2>\t\t\t\t<\/div>\n\t\t\t\t<div class=\"elementor-element elementor-element-1e6ca89 elementor-widget__width-initial elementor-widget elementor-widget-text-editor\" data-id=\"1e6ca89\" data-element_type=\"widget\" data-e-type=\"widget\" data-widget_type=\"text-editor.default\">\n\t\t\t\t\t\t\t\t\t<p><strong>WEBSITE \u2013 Hereinafter referred to as \u201cthe Website\u201d<\/strong><\/p><p>www.altowatches.com<\/p><p><strong>PUBLICATION DIRECTOR<\/strong><\/p><p>Monsieur Thibaud Guittard<\/p><p><strong>WEBSITE PUBLISHER \u2013 Hereinafter referred to as \u201cthe Publisher\u201d or \u201cALTO\u201d<\/strong><\/p><p>ALTO<br \/>SARL with a capital of \u20ac1,000<br \/>Head office: 53 avenue Montaigne, 75008 Paris, France<\/p><p>Registered with the RCS of B\u00e9ziers under number 922 379 433<\/p><p>contact@altowatches.com<\/p><p><strong>WEBSITE DESIGN AND DEVELOPMENT \u2013 Hereinafter referred to as \u201cthe Developer\u201d<\/strong><\/p><p>AGENCE CREATIVO<br \/>SARL with a capital of \u20ac1,000<br \/>Head office: 40 rue Fran\u00e7aise, 34500 B\u00e9ziers, France<\/p><p>contact@agencecreativo.com<\/p><p><strong>H\u00c9BERGEMENT DU SITE<\/strong><\/p><p>OVH<br \/>SAS with a capital of \u20ac10,000,000<br \/>APE Code: 6202A<br \/>Head office: 2 rue Kellermann, 59100 Roubaix, France Registered with the RCS of Roubaix-Tourcoing under number 424 761 419<\/p><p>\u00a0<\/p><p>\u00a0<\/p><p><strong>ARTICLE 1 \u2013 WEBSITE CONTENT<\/strong><\/p><p>All trademarks, photographs, texts, comments, illustrations, animated or non-animated images, video sequences, sounds, and all computer applications used to operate this Website, and more generally, all elements reproduced or used on the Website, are protected under applicable intellectual property laws. They are the full and exclusive property of the Publisher or its partners.<\/p><p>Any reproduction, representation, use, or adaptation, in any form whatsoever, of all or part of these elements, including computer applications, without the prior written consent of the Publisher, is strictly prohibited. The fact that the Publisher does not initiate legal action upon becoming aware of such unauthorized uses does not constitute acceptance of such use or waiver of legal proceedings.<\/p><p>\u00a0<\/p><p><strong>ARTICLE 2 \u2013 WEBSITE MANAGEMENT<\/strong><\/p><p>For the proper management of the Website, the Publisher may at any time:<\/p><ul><li>Suspend, interrupt or limit access to all or part of the Website, reserve access to the Website or certain parts of it to a specific category of users;<\/li><li>Remove any information that may disrupt its operation or violate national or international laws;<\/li><li>Temporarily suspend the Website for updates.<\/li><\/ul><p>\u00a0<\/p><p><strong>ARTICLE 3 \u2013 LIABILITY<\/strong><\/p><p>The Publisher cannot be held liable in the event of a malfunction, failure, difficulty, or interruption preventing access to the Website or one of its functionalities.<\/p><p>The equipment you use to access the Website is your sole responsibility. You must take appropriate measures to protect your equipment and your own data, especially against Internet virus attacks. You are also solely responsible for the websites and data you consult.<\/p><p>The Publisher shall not be held liable in the event of legal proceedings against you:<\/p><ul><li>Due to the use of the Website or any service accessible via the Internet;<\/li><li>or your failure to comply with these terms and conditions.<\/li><\/ul><p>The Publisher shall not be liable for any damage caused to you, third parties, or your equipment as a result of your connection to or use of the Website. You waive any claims against the Publisher as a result.<\/p><p>\u00a0<\/p><p><strong>ARTICLE 4 \u2013 HYPERTEXT LINKS<\/strong><\/p><p>The Developer and Publisher disclaim all responsibility for any content accessible via hyperlinks from the Website, as such content is not under their control.<\/p><p>You are strictly prohibited from creating hyperlinks to any part of the Website without prior written authorization from the Publisher.<\/p><p>The Publisher reserves the right to refuse such authorization without having to justify the decision. If the Publisher grants authorization, it remains temporary and may be withdrawn at any time, without obligation to justify the withdrawal.<\/p><p>In all cases, any hyperlink must be removed upon simple request from the Publisher.<\/p><p>\u00a0<\/p><p><strong>ARTICLE 5 \u2013 DATA COLLECTION<\/strong>\u00a0 \u00a0 \u00a0<\/p><p>5.1 Identity of the Data Controller<\/p><p>ALTO is committed to protecting the personal data of users of this Website and respects their privacy. The information you provide is exclusively intended for the Publisher and will never be used for purposes other than those for which it was provided.<\/p><p>The Publisher reserves the right to refuse such authorization without having to justify the decision. If the Publisher grants authorization, it remains temporary and may be withdrawn at any time, without obligation to justify the withdrawal.\u00a0<\/p><p>5.2 Purpose, Legal Basis, Retention Period, and Data Recipients<\/p><p>\u00a0<\/p><table><tbody><tr><td><p><strong>Finalit\u00e9<\/strong><\/p><\/td><td><p><strong>Fondement juridique<\/strong><\/p><\/td><td><p><strong>Dur\u00e9e de conservation<\/strong><\/p><\/td><td><p><strong>Destinataire des donn\u00e9es<\/strong><\/p><\/td><td><p><strong>Donn\u00e9es collect\u00e9es<\/strong><\/p><\/td><\/tr><tr><td><p>R\u00e9pondre aux demandes de renseignements et pr\u00e9-commande laiss\u00e9es dans le formulaire de contact et satisfaire \u00e0 celles-ci<\/p><\/td><td><p>N\u00e9cessit\u00e9 du traitement pour l\u2019ex\u00e9cution d\u2019un contrat\u00a0\u00a0<\/p><p>Int\u00e9r\u00eat l\u00e9gitime de la soci\u00e9t\u00e9 ALTO d\u2019offrir l\u2019assistance requise<\/p><p>\u00a0<\/p><\/td><td><p>Dur\u00e9e de traitement de votre requ\u00eate plus un d\u00e9lai de 2 ans uniquement pour les donn\u00e9es pr\u00e9sentant un int\u00e9r\u00eat administratif<\/p><\/td><td><p>La soci\u00e9t\u00e9 ALTO<\/p><\/td><td><p>Nom, pr\u00e9nom, adresse email, num\u00e9ro de t\u00e9l\u00e9phone ainsi que tout autre information donn\u00e9e par l\u2019utilisateur dans les zones de commentaires libres<\/p><\/td><\/tr><tr><td><p>Communiquer avec les utilisateurs et envoyer des informations sur les produits, services, \u00e9v\u00e8nements\u2026<\/p><\/td><td><p>\u00a0<\/p><\/td><td><p>\u00a0<\/p><\/td><td><p>\u00a0<\/p><\/td><td><p>Nom, pr\u00e9nom, adresse email<\/p><\/td><\/tr><\/tbody><\/table><p>\u00a0<\/p><p>5.3 Destinataires et divulgation des donn\u00e9es personnelles\u00a0<\/p><p>En sus des destinataires \u00e9nonc\u00e9s, et dans la limite des finalit\u00e9s ci-dessus, les donn\u00e9es personnelles recueillies pourront \u00eatre transmises :<\/p><ul><li>Aux prestataires et fournisseurs d\u2019ALTO ;<\/li><li>Aux fournisseurs de services tiers d\u2019ALTO tels que l\u2019h\u00e9bergement de sites Web, les services informatiques, l\u2019analyse de donn\u00e9es\u00a0;<\/li><li>\u00c0 un tiers dans le cadre d\u2019un changement de structure de la soci\u00e9t\u00e9, quel qu\u2019il soit.<\/li><\/ul><p>\u00a0<\/p><p>5.4 S\u00e9curit\u00e9 des donn\u00e9es personnelles\u00a0<\/p><p>L\u2019\u00c9diteur s\u2019emploie \u00e0 garantir la s\u00e9curit\u00e9 des donn\u00e9es personnelles qui lui sont transmises.<\/p><p>5.5 Utilisation du site par les enfants\u00a0<\/p><p>Les mineurs de moins de 18 ans ne sont pas suppos\u00e9s utiliser le site, l\u2019\u00c9diteur n\u2019est par cons\u00e9quent pas amen\u00e9 \u00e0 collecter les donn\u00e9es personnelles de ceux-ci.<\/p><p>5.6 Transfert des donn\u00e9es personnelles transfrontalier\u00a0<\/p><p>Les donn\u00e9es personnelles des utilisateurs de ce site ne seront pas transf\u00e9r\u00e9es en dehors de l\u2019Union Europ\u00e9enne.<\/p><p>5.7 Traitement de donn\u00e9es sensibles\u00a0<\/p><p>L\u2019\u00c9diteur ne collecte aucune donn\u00e9es sensibles, entendues comme des donn\u00e9es relatives \u00e0 l\u2019origine raciale ou ethnique, aux opinions politiques, philosophiques ou religieuses ou l\u2019appartenance syndicale des personnes, ou qui sont relatives \u00e0 la sant\u00e9 ou \u00e0 la vie sexuelle de celles-ci.<\/p><p>5.8 Cookies<\/p><p>Il peut \u00eatre proc\u00e9d\u00e9 \u00e0 l\u2019implantation de \u00ab cookies \u00bb sur le mat\u00e9riel des utilisateurs de ce site. Un cookie ne permet pas \u00e0 l\u2019\u00c9diteur d\u2019identifier les utilisateurs.<\/p><p>Vous pouvez vous opposer \u00e0 l\u2019enregistrement des cookies en configurant votre navigateur en cons\u00e9quence.\u00a0<\/p><p>5.9 Droits des utilisateurs<\/p><p>Conform\u00e9ment \u00e0 la r\u00e8glementation applicable relative \u00e0 la protection des donn\u00e9es personnelles, notamment la Loi n\u00b078-17 du 6 janvier 2078 et le R\u00e8glement (UE) 2016\/679 du Parlement Europ\u00e9en et du Conseil du 27 avril 2016 relatif \u00e0 la protection des personnes physiques \u00e0 l\u2019\u00e9gard du traitement des donn\u00e9es \u00e0 caract\u00e8re personnel et \u00e0 la libre circulation de ces donn\u00e9es, les utilisateurs de ce site disposent d\u2019un droit d\u2019acc\u00e8s, de rectification, de mise \u00e0 jour et d\u2019effacement des donn\u00e9es personnelles qui les concernent. Ils disposent \u00e9galement du droit d\u2019opposition au traitement de ses donn\u00e9es personnelles et dans certaines conditions, du droit \u00e0 la portabilit\u00e9 de celles-ci.<\/p><p>Les utilisateurs b\u00e9n\u00e9ficient enfin du droit de donner des directives sur le sort de ses donn\u00e9es apr\u00e8s leur d\u00e9c\u00e8s.<\/p><p>Vous pouvez exercer ces droits \u00e0 tout moment aupr\u00e8s de l&rsquo;\u00c9diteur, soit par courrier postal, soit par courriel \u00e0 l\u2019adresse\u00a0: contact@altowatches.com, soit par courrier \u00e0 l\u2019adresse postale suivante\u00a0:<\/p><p>\u00a0<\/p><p>ALTO<\/p><p>D\u00e9partement RGPD<\/p><p>53 avenue Montaigne<\/p><p>75008 Paris<\/p><p>\u00a0<\/p><p>Pour des raisons de s\u00e9curit\u00e9 et \u00e9viter toute demande frauduleuse, cette demande devra \u00eatre accompagn\u00e9e d&rsquo;un justificatif d&rsquo;identit\u00e9. Apr\u00e8s traitement de la demande ce justificatif sera d\u00e9truit.<\/p><p><em>\u00a0<\/em>Si vous estimez, apr\u00e8s nous avoir contact\u00e9s, que vos droits Informatique et Libert\u00e9s ne sont pas respect\u00e9s, vous pouvez adresser une r\u00e9clamation aupr\u00e8s de l&rsquo;autorit\u00e9 de contr\u00f4le concern\u00e9e.<\/p>\t\t\t\t\t\t\t\t<\/div>\n\t\t\t\t\t<\/div>\n\t\t<\/div>\n\t\t\t\t\t<\/div>\n\t\t<\/section>\n\t\t\t\t<\/div>","protected":false},"excerpt":{"rendered":"<p>MENTIONS L\u00c9GALES SITE,\u00a0CI-APR\u00c8S \u00ab\u00a0LE SITE\u00a0\u00bb www.altowatches.com DIRECTEUR DE PUBLICATION DU SITE Monsieur Thibaud Guittard EDITEUR DU SITE, CI-APR\u00c8S \u00ab\u00a0L\u2019EDITEUR\u00a0\u00bb OU \u00ab\u00a0ALTO\u00a0\u00bb ALTOSARL au capital de 1.000 euros,dont le si\u00e8ge social est 53 avenue Montaigne, 75\u00a0008 Paris, immatricul\u00e9e au RCS de BEZIERS sous le num\u00e9ro 922\u00a0379 433 contact@altowatches.com CONCEPTION ET R\u00c9ALISATION DU SITE, CI-APR\u00c8S \u00ab\u00a0LE R\u00c9ALISATEUR\u00a0\u00bb [&hellip;]<\/p>\n","protected":false},"author":1,"featured_media":13,"parent":0,"menu_order":8,"comment_status":"closed","ping_status":"closed","template":"","meta":{"footnotes":""},"class_list":["post-763","page","type-page","status-publish","has-post-thumbnail","hentry"],"yoast_head":"<!-- This site is optimized with the Yoast SEO plugin v27.4 - https:\/\/yoast.com\/product\/yoast-seo-wordpress\/ -->\n<title>ALTO | Mentions l\u00e9gales<\/title>\n<meta name=\"description\" content=\"ALTO invite \u00e0 explorer le th\u00e8me universel du temps par toutes les formes d\u2019art. Nous croyons que les arts ont une influence majeure sur notre rapport du temps. Nous abordons le th\u00e8me du temps sous un angle artistique unique et singulier.\" \/>\n<meta name=\"robots\" content=\"index, follow, max-snippet:-1, max-image-preview:large, max-video-preview:-1\" \/>\n<link rel=\"canonical\" href=\"https:\/\/altowatches.com\/en\/mentions-legales\/\" \/>\n<meta property=\"og:locale\" content=\"en_GB\" \/>\n<meta property=\"og:type\" content=\"article\" \/>\n<meta property=\"og:title\" content=\"ALTO | Mentions l\u00e9gales\" \/>\n<meta property=\"og:description\" content=\"ALTO invite \u00e0 explorer le th\u00e8me universel du temps par toutes les formes d\u2019art. Nous croyons que les arts ont une influence majeure sur notre rapport du temps. Nous abordons le th\u00e8me du temps sous un angle artistique unique et singulier.\" \/>\n<meta property=\"og:url\" content=\"https:\/\/altowatches.com\/en\/mentions-legales\/\" \/>\n<meta property=\"og:site_name\" content=\"ALTO\" \/>\n<meta property=\"article:modified_time\" content=\"2025-11-07T10:36:52+00:00\" \/>\n<meta property=\"og:image\" content=\"https:\/\/altowatches.com\/wp-content\/uploads\/2023\/04\/AALTO_favicon.jpg\" \/>\n\t<meta property=\"og:image:width\" content=\"2000\" \/>\n\t<meta property=\"og:image:height\" content=\"1852\" \/>\n\t<meta property=\"og:image:type\" content=\"image\/jpeg\" \/>\n<meta name=\"twitter:card\" content=\"summary_large_image\" \/>\n<meta name=\"twitter:label1\" content=\"Estimated reading time\" \/>\n\t<meta name=\"twitter:data1\" content=\"7 minutes\" \/>\n<script type=\"application\/ld+json\" class=\"yoast-schema-graph\">{\"@context\":\"https:\\\/\\\/schema.org\",\"@graph\":[{\"@type\":\"WebPage\",\"@id\":\"https:\\\/\\\/altowatches.com\\\/mentions-legales\\\/\",\"url\":\"https:\\\/\\\/altowatches.com\\\/mentions-legales\\\/\",\"name\":\"ALTO | Mentions l\u00e9gales\",\"isPartOf\":{\"@id\":\"https:\\\/\\\/altowatches.com\\\/#website\"},\"primaryImageOfPage\":{\"@id\":\"https:\\\/\\\/altowatches.com\\\/mentions-legales\\\/#primaryimage\"},\"image\":{\"@id\":\"https:\\\/\\\/altowatches.com\\\/mentions-legales\\\/#primaryimage\"},\"thumbnailUrl\":\"https:\\\/\\\/altowatches.com\\\/wp-content\\\/uploads\\\/2023\\\/04\\\/AALTO_favicon.jpg\",\"datePublished\":\"2023-07-18T06:11:24+00:00\",\"dateModified\":\"2025-11-07T10:36:52+00:00\",\"description\":\"ALTO invite \u00e0 explorer le th\u00e8me universel du temps par toutes les formes d\u2019art. Nous croyons que les arts ont une influence majeure sur notre rapport du temps. Nous abordons le th\u00e8me du temps sous un angle artistique unique et singulier.\",\"breadcrumb\":{\"@id\":\"https:\\\/\\\/altowatches.com\\\/mentions-legales\\\/#breadcrumb\"},\"inLanguage\":\"en-GB\",\"potentialAction\":[{\"@type\":\"ReadAction\",\"target\":[\"https:\\\/\\\/altowatches.com\\\/mentions-legales\\\/\"]}]},{\"@type\":\"ImageObject\",\"inLanguage\":\"en-GB\",\"@id\":\"https:\\\/\\\/altowatches.com\\\/mentions-legales\\\/#primaryimage\",\"url\":\"https:\\\/\\\/altowatches.com\\\/wp-content\\\/uploads\\\/2023\\\/04\\\/AALTO_favicon.jpg\",\"contentUrl\":\"https:\\\/\\\/altowatches.com\\\/wp-content\\\/uploads\\\/2023\\\/04\\\/AALTO_favicon.jpg\",\"width\":2000,\"height\":1852},{\"@type\":\"BreadcrumbList\",\"@id\":\"https:\\\/\\\/altowatches.com\\\/mentions-legales\\\/#breadcrumb\",\"itemListElement\":[{\"@type\":\"ListItem\",\"position\":1,\"name\":\"Accueil\",\"item\":\"https:\\\/\\\/altowatches.com\\\/\"},{\"@type\":\"ListItem\",\"position\":2,\"name\":\"Mentions l\u00e9gales\"}]},{\"@type\":\"WebSite\",\"@id\":\"https:\\\/\\\/altowatches.com\\\/#website\",\"url\":\"https:\\\/\\\/altowatches.com\\\/\",\"name\":\"ALTO Watches\",\"description\":\"ART DRIVEN\",\"publisher\":{\"@id\":\"https:\\\/\\\/altowatches.com\\\/#organization\"},\"alternateName\":\"ALTO\",\"potentialAction\":[{\"@type\":\"SearchAction\",\"target\":{\"@type\":\"EntryPoint\",\"urlTemplate\":\"https:\\\/\\\/altowatches.com\\\/?s={search_term_string}\"},\"query-input\":{\"@type\":\"PropertyValueSpecification\",\"valueRequired\":true,\"valueName\":\"search_term_string\"}}],\"inLanguage\":\"en-GB\"},{\"@type\":\"Organization\",\"@id\":\"https:\\\/\\\/altowatches.com\\\/#organization\",\"name\":\"Arts Limited Time Objects\",\"alternateName\":\"ALTO\",\"url\":\"https:\\\/\\\/altowatches.com\\\/\",\"logo\":{\"@type\":\"ImageObject\",\"inLanguage\":\"en-GB\",\"@id\":\"https:\\\/\\\/altowatches.com\\\/#\\\/schema\\\/logo\\\/image\\\/\",\"url\":\"https:\\\/\\\/altowatches.com\\\/wp-content\\\/uploads\\\/2023\\\/04\\\/AALTO_favicon.jpg\",\"contentUrl\":\"https:\\\/\\\/altowatches.com\\\/wp-content\\\/uploads\\\/2023\\\/04\\\/AALTO_favicon.jpg\",\"width\":2000,\"height\":1852,\"caption\":\"Arts Limited Time Objects\"},\"image\":{\"@id\":\"https:\\\/\\\/altowatches.com\\\/#\\\/schema\\\/logo\\\/image\\\/\"},\"sameAs\":[\"https:\\\/\\\/www.instagram.com\\\/aaltowatches\\\/\"]}]}<\/script>\n<!-- \/ Yoast SEO plugin. -->","yoast_head_json":{"title":"ALTO | Mentions l\u00e9gales","description":"ALTO invite \u00e0 explorer le th\u00e8me universel du temps par toutes les formes d\u2019art. Nous croyons que les arts ont une influence majeure sur notre rapport du temps. Nous abordons le th\u00e8me du temps sous un angle artistique unique et singulier.","robots":{"index":"index","follow":"follow","max-snippet":"max-snippet:-1","max-image-preview":"max-image-preview:large","max-video-preview":"max-video-preview:-1"},"canonical":"https:\/\/altowatches.com\/en\/mentions-legales\/","og_locale":"en_GB","og_type":"article","og_title":"ALTO | Mentions l\u00e9gales","og_description":"ALTO invite \u00e0 explorer le th\u00e8me universel du temps par toutes les formes d\u2019art. Nous croyons que les arts ont une influence majeure sur notre rapport du temps. Nous abordons le th\u00e8me du temps sous un angle artistique unique et singulier.","og_url":"https:\/\/altowatches.com\/en\/mentions-legales\/","og_site_name":"ALTO","article_modified_time":"2025-11-07T10:36:52+00:00","og_image":[{"width":2000,"height":1852,"url":"https:\/\/altowatches.com\/wp-content\/uploads\/2023\/04\/AALTO_favicon.jpg","type":"image\/jpeg"}],"twitter_card":"summary_large_image","twitter_misc":{"Estimated reading time":"7 minutes"},"schema":{"@context":"https:\/\/schema.org","@graph":[{"@type":"WebPage","@id":"https:\/\/altowatches.com\/mentions-legales\/","url":"https:\/\/altowatches.com\/mentions-legales\/","name":"ALTO | Mentions l\u00e9gales","isPartOf":{"@id":"https:\/\/altowatches.com\/#website"},"primaryImageOfPage":{"@id":"https:\/\/altowatches.com\/mentions-legales\/#primaryimage"},"image":{"@id":"https:\/\/altowatches.com\/mentions-legales\/#primaryimage"},"thumbnailUrl":"https:\/\/altowatches.com\/wp-content\/uploads\/2023\/04\/AALTO_favicon.jpg","datePublished":"2023-07-18T06:11:24+00:00","dateModified":"2025-11-07T10:36:52+00:00","description":"ALTO invite \u00e0 explorer le th\u00e8me universel du temps par toutes les formes d\u2019art. Nous croyons que les arts ont une influence majeure sur notre rapport du temps. Nous abordons le th\u00e8me du temps sous un angle artistique unique et singulier.","breadcrumb":{"@id":"https:\/\/altowatches.com\/mentions-legales\/#breadcrumb"},"inLanguage":"en-GB","potentialAction":[{"@type":"ReadAction","target":["https:\/\/altowatches.com\/mentions-legales\/"]}]},{"@type":"ImageObject","inLanguage":"en-GB","@id":"https:\/\/altowatches.com\/mentions-legales\/#primaryimage","url":"https:\/\/altowatches.com\/wp-content\/uploads\/2023\/04\/AALTO_favicon.jpg","contentUrl":"https:\/\/altowatches.com\/wp-content\/uploads\/2023\/04\/AALTO_favicon.jpg","width":2000,"height":1852},{"@type":"BreadcrumbList","@id":"https:\/\/altowatches.com\/mentions-legales\/#breadcrumb","itemListElement":[{"@type":"ListItem","position":1,"name":"Accueil","item":"https:\/\/altowatches.com\/"},{"@type":"ListItem","position":2,"name":"Mentions l\u00e9gales"}]},{"@type":"WebSite","@id":"https:\/\/altowatches.com\/#website","url":"https:\/\/altowatches.com\/","name":"ALTO Watches","description":"ART DRIVEN","publisher":{"@id":"https:\/\/altowatches.com\/#organization"},"alternateName":"ALTO","potentialAction":[{"@type":"SearchAction","target":{"@type":"EntryPoint","urlTemplate":"https:\/\/altowatches.com\/?s={search_term_string}"},"query-input":{"@type":"PropertyValueSpecification","valueRequired":true,"valueName":"search_term_string"}}],"inLanguage":"en-GB"},{"@type":"Organization","@id":"https:\/\/altowatches.com\/#organization","name":"Arts Limited Time Objects","alternateName":"ALTO","url":"https:\/\/altowatches.com\/","logo":{"@type":"ImageObject","inLanguage":"en-GB","@id":"https:\/\/altowatches.com\/#\/schema\/logo\/image\/","url":"https:\/\/altowatches.com\/wp-content\/uploads\/2023\/04\/AALTO_favicon.jpg","contentUrl":"https:\/\/altowatches.com\/wp-content\/uploads\/2023\/04\/AALTO_favicon.jpg","width":2000,"height":1852,"caption":"Arts Limited Time Objects"},"image":{"@id":"https:\/\/altowatches.com\/#\/schema\/logo\/image\/"},"sameAs":["https:\/\/www.instagram.com\/aaltowatches\/"]}]}},"_links":{"self":[{"href":"https:\/\/altowatches.com\/en\/wp-json\/wp\/v2\/pages\/763","targetHints":{"allow":["GET"]}}],"collection":[{"href":"https:\/\/altowatches.com\/en\/wp-json\/wp\/v2\/pages"}],"about":[{"href":"https:\/\/altowatches.com\/en\/wp-json\/wp\/v2\/types\/page"}],"author":[{"embeddable":true,"href":"https:\/\/altowatches.com\/en\/wp-json\/wp\/v2\/users\/1"}],"replies":[{"embeddable":true,"href":"https:\/\/altowatches.com\/en\/wp-json\/wp\/v2\/comments?post=763"}],"version-history":[{"count":23,"href":"https:\/\/altowatches.com\/en\/wp-json\/wp\/v2\/pages\/763\/revisions"}],"predecessor-version":[{"id":3255,"href":"https:\/\/altowatches.com\/en\/wp-json\/wp\/v2\/pages\/763\/revisions\/3255"}],"wp:featuredmedia":[{"embeddable":true,"href":"https:\/\/altowatches.com\/en\/wp-json\/wp\/v2\/media\/13"}],"wp:attachment":[{"href":"https:\/\/altowatches.com\/en\/wp-json\/wp\/v2\/media?parent=763"}],"curies":[{"name":"wp","href":"https:\/\/api.w.org\/{rel}","templated":true}]}}